{"id":92,"date":"2018-06-11T07:30:37","date_gmt":"2018-06-11T07:30:37","guid":{"rendered":"http:\/\/www.tampereenyritys.com\/?page_id=92"},"modified":"2026-01-25T19:35:04","modified_gmt":"2026-01-25T19:35:04","slug":"kilpailu","status":"publish","type":"page","link":"https:\/\/www.tampereenyritys.fi\/?page_id=92","title":{"rendered":"Tampereen Talvikisat"},"content":{"rendered":"\n<p class=\"wp-block-paragraph\">Tampereen Yritys kiitt\u00e4\u00e4 j\u00e4lleen kaikkia talkoolaisia ja kilpailijoita Talvikisoista 2026! Palaamme j\u00e4lleen Talvikisojen merkeiss\u00e4 2027!<\/p>\n\n\n\n<p class=\"wp-block-paragraph\"><strong>Lopputulokset:<\/strong><\/p>\n\n\n\n<p class=\"wp-block-paragraph\">Lauantai 24.1 Sprintti <a href=\"https:\/\/tulokset.hiihtoliitto.fi\/maastohiihto\/tampereen-talvikisat-sprintti-v-1\/#sportti_id_31967565\">https:\/\/tulokset.hiihtoliitto.fi\/maastohiihto\/tampereen-talvikisat-sprintti-v-1\/#sportti_id_31967565<\/a><\/p>\n\n\n\n<p class=\"wp-block-paragraph\">Sunnuntai 25.1 V\u00e4liaikal\u00e4ht\u00f6 <a href=\"https:\/\/tulokset.hiihtoliitto.fi\/maastohiihto\/tampereen-talvikisat-v-3\/#sportti_id_31967565\">https:\/\/tulokset.hiihtoliitto.fi\/maastohiihto\/tampereen-talvikisat-v-3\/#sportti_id_31967565<\/a><\/p>\n\n\n\n<p class=\"wp-block-paragraph\"><\/p>\n\n\n\n<p class=\"wp-block-paragraph\"><\/p>\n","protected":false},"excerpt":{"rendered":"<p>Tampereen Yritys kiitt\u00e4\u00e4 j\u00e4lleen kaikkia talkoolaisia ja kilpailijoita Talvikisoista 2026! Palaamme j\u00e4lleen Talvikisojen merkeiss\u00e4 2027! Lopputulokset: Lauantai 24.1 Sprintti https:\/\/tulokset.hiihtoliitto.fi\/maastohiihto\/tampereen-talvikisat-sprintti-v-1\/#sportti_id_31967565 Sunnuntai 25.1 V\u00e4liaikal\u00e4ht\u00f6 https:\/\/tulokset.hiihtoliitto.fi\/maastohiihto\/tampereen-talvikisat-v-3\/#sportti_id_31967565<\/p>\n","protected":false},"author":1,"featured_media":0,"parent":65,"menu_order":3,"comment_status":"closed","ping_status":"closed","template":"","meta":{"_crdt_document":"","footnotes":""},"class_list":["post-92","page","type-page","status-publish","hentry"],"_links":{"self":[{"href":"https:\/\/www.tampereenyritys.fi\/index.php?rest_route=\/wp\/v2\/pages\/92","targetHints":{"allow":["GET"]}}],"collection":[{"href":"https:\/\/www.tampereenyritys.fi\/index.php?rest_route=\/wp\/v2\/pages"}],"about":[{"href":"https:\/\/www.tampereenyritys.fi\/index.php?rest_route=\/wp\/v2\/types\/page"}],"author":[{"embeddable":true,"href":"https:\/\/www.tampereenyritys.fi\/index.php?rest_route=\/wp\/v2\/users\/1"}],"replies":[{"embeddable":true,"href":"https:\/\/www.tampereenyritys.fi\/index.php?rest_route=%2Fwp%2Fv2%2Fcomments&post=92"}],"version-history":[{"count":319,"href":"https:\/\/www.tampereenyritys.fi\/index.php?rest_route=\/wp\/v2\/pages\/92\/revisions"}],"predecessor-version":[{"id":2354,"href":"https:\/\/www.tampereenyritys.fi\/index.php?rest_route=\/wp\/v2\/pages\/92\/revisions\/2354"}],"up":[{"embeddable":true,"href":"https:\/\/www.tampereenyritys.fi\/index.php?rest_route=\/wp\/v2\/pages\/65"}],"wp:attachment":[{"href":"https:\/\/www.tampereenyritys.fi\/index.php?rest_route=%2Fwp%2Fv2%2Fmedia&parent=92"}],"curies":[{"name":"wp","href":"https:\/\/api.w.org\/{rel}","templated":true}]}}