{"id":902,"date":"2020-01-30T07:56:36","date_gmt":"2020-01-30T07:56:36","guid":{"rendered":"http:\/\/www.tampereenyritys.fi\/?page_id=902"},"modified":"2020-02-24T21:06:00","modified_gmt":"2020-02-24T21:06:00","slug":"yhteystiedot","status":"publish","type":"page","link":"https:\/\/www.tampereenyritys.fi\/?page_id=902","title":{"rendered":"Yhteystiedot"},"content":{"rendered":"\n<p class=\"wp-block-paragraph\">s\u00e4hk\u00f6posti: typyoraily(at)gmail.com<\/p>\n\n\n\n<div class=\"wp-block-group\"><div class=\"wp-block-group__inner-container is-layout-flow wp-block-group-is-layout-flow\">\n<div class=\"wp-block-group\"><div class=\"wp-block-group__inner-container is-layout-flow wp-block-group-is-layout-flow\">\n<p class=\"wp-block-paragraph\"><strong>Jaoston yhteystiedot<\/strong><\/p>\n<\/div><\/div>\n\n\n\n<figure class=\"wp-block-table\"><table><tbody><tr><td>Puheenjohtaja:<\/td><td>Tapio Niemi<\/td><td>+358405827167<\/td><\/tr><tr><td>Sihteeri:<\/td><td>Janna-Carla Niemi<\/td><td>+358449820807<\/td><\/tr><tr><td>Rahastonhoitaja:<\/td><td>Tarja Niemi<\/td><td>+358504044797<\/td><\/tr><tr><td>J\u00e4sen:<\/td><td>Marco-Tapio Niemi<\/td><td>+358509126979<\/td><\/tr><tr><td>J\u00e4sen:<\/td><td>Kari Kanervisto<\/td><td>+358407052752\u202c<\/td><\/tr><tr><td>J\u00e4sen:<\/td><td>Harri Myllym\u00e4ki<\/td><td>+358400156483<\/td><\/tr><tr><td>J\u00e4sen:<\/td><td>Tarmo Niemi<\/td><td><\/td><\/tr><tr><td>J\u00e4sen:<\/td><td>Rauno P\u00e4\u00e4sky<\/td><td><\/td><\/tr><\/tbody><\/table><\/figure>\n\n\n\n<p class=\"wp-block-paragraph\">                 <\/p>\n<\/div><\/div>\n","protected":false},"excerpt":{"rendered":"<p>s\u00e4hk\u00f6posti: typyoraily(at)gmail.com Jaoston yhteystiedot Puheenjohtaja: Tapio Niemi +358405827167 Sihteeri: Janna-Carla Niemi +358449820807 Rahastonhoitaja: Tarja Niemi +358504044797 J\u00e4sen: Marco-Tapio Niemi +358509126979 J\u00e4sen: Kari Kanervisto +358407052752\u202c J\u00e4sen: Harri Myllym\u00e4ki +358400156483 J\u00e4sen: Tarmo &hellip; <\/p>\n<p class=\"link-more\"><a href=\"https:\/\/www.tampereenyritys.fi\/?page_id=902\" class=\"more-link\">Jatka lukemista<span class=\"screen-reader-text\"> &#8221;Yhteystiedot&#8221;<\/span><\/a><\/p>\n","protected":false},"author":1,"featured_media":0,"parent":63,"menu_order":1,"comment_status":"closed","ping_status":"closed","template":"","meta":{"_crdt_document":"","footnotes":""},"class_list":["post-902","page","type-page","status-publish","hentry"],"_links":{"self":[{"href":"https:\/\/www.tampereenyritys.fi\/index.php?rest_route=\/wp\/v2\/pages\/902","targetHints":{"allow":["GET"]}}],"collection":[{"href":"https:\/\/www.tampereenyritys.fi\/index.php?rest_route=\/wp\/v2\/pages"}],"about":[{"href":"https:\/\/www.tampereenyritys.fi\/index.php?rest_route=\/wp\/v2\/types\/page"}],"author":[{"embeddable":true,"href":"https:\/\/www.tampereenyritys.fi\/index.php?rest_route=\/wp\/v2\/users\/1"}],"replies":[{"embeddable":true,"href":"https:\/\/www.tampereenyritys.fi\/index.php?rest_route=%2Fwp%2Fv2%2Fcomments&post=902"}],"version-history":[{"count":2,"href":"https:\/\/www.tampereenyritys.fi\/index.php?rest_route=\/wp\/v2\/pages\/902\/revisions"}],"predecessor-version":[{"id":920,"href":"https:\/\/www.tampereenyritys.fi\/index.php?rest_route=\/wp\/v2\/pages\/902\/revisions\/920"}],"up":[{"embeddable":true,"href":"https:\/\/www.tampereenyritys.fi\/index.php?rest_route=\/wp\/v2\/pages\/63"}],"wp:attachment":[{"href":"https:\/\/www.tampereenyritys.fi\/index.php?rest_route=%2Fwp%2Fv2%2Fmedia&parent=902"}],"curies":[{"name":"wp","href":"https:\/\/api.w.org\/{rel}","templated":true}]}}