{"id":756,"date":"2020-01-02T13:19:20","date_gmt":"2020-01-02T13:19:20","guid":{"rendered":"http:\/\/www.tampereenyritys.fi\/?page_id=756"},"modified":"2026-01-17T20:16:22","modified_gmt":"2026-01-17T20:16:22","slug":"naisjaosto","status":"publish","type":"page","link":"https:\/\/www.tampereenyritys.fi\/?page_id=756","title":{"rendered":"Naisjaosto"},"content":{"rendered":"<h2><strong>Naisjaosto 2026<\/strong><\/h2>\n\n\n<figure class=\"wp-block-table is-style-regular\"><table class=\"has-fixed-layout\"><tbody><tr><td>Mari M\u00e4enalanen<\/td><td>puheenjohtaja<\/td><\/tr><tr><td>Marika Joutsiniemi<\/td><td>sihteeri<\/td><\/tr><tr><td>Tiina N\u00e4\u00e4tsaari<\/td><td>rahastonhoitaja<\/td><\/tr><tr><td>Senni Joutsiniemi<\/td><td>tiedotusvastaava<\/td><\/tr><tr><td>Pirjo Vaateri<\/td><td>jaoston j\u00e4sen<\/td><\/tr><tr><td>Kaarina Laakso<\/td><td>jaoston j\u00e4sen<\/td><\/tr><tr><td>Iida Rinkinen<\/td><td>jaoston j\u00e4sen<\/td><\/tr><tr><td>Elli Teinil\u00e4<\/td><td>jaoston j\u00e4sen<\/td><\/tr><\/tbody><\/table><\/figure>\n\n\n<p>Naisjaoston s\u00e4hk\u00f6postiosoite: ty.naisjaosto@gmail.com<\/p>\n\n\n<div class=\"wp-block-columns is-layout-flex wp-container-core-columns-is-layout-8f761849 wp-block-columns-is-layout-flex\">\n<div class=\"wp-block-column is-layout-flow wp-block-column-is-layout-flow\"><\/div>\n\n\n\n<div class=\"wp-block-column is-layout-flow wp-block-column-is-layout-flow\"><\/div>\n\n\n\n<div class=\"wp-block-column is-layout-flow wp-block-column-is-layout-flow\"><\/div>\n<\/div>\n\n\n\n<figure class=\"wp-block-gallery has-nested-images columns-default is-cropped wp-block-gallery-1 is-layout-flex wp-block-gallery-is-layout-flex\">\n<figure class=\"wp-block-image size-large\"><img fetchpriority=\"high\" decoding=\"async\" width=\"1024\" height=\"683\" data-id=\"768\" src=\"https:\/\/www.tampereenyritys.fi\/wp-content\/uploads\/2020\/01\/IMG_0809-1024x683.jpg\" alt=\"\" class=\"wp-image-768\" srcset=\"https:\/\/www.tampereenyritys.fi\/wp-content\/uploads\/2020\/01\/IMG_0809-1024x683.jpg 1024w, https:\/\/www.tampereenyritys.fi\/wp-content\/uploads\/2020\/01\/IMG_0809-300x200.jpg 300w, https:\/\/www.tampereenyritys.fi\/wp-content\/uploads\/2020\/01\/IMG_0809-768x512.jpg 768w\" sizes=\"(max-width: 767px) 89vw, (max-width: 1000px) 54vw, (max-width: 1071px) 543px, 580px\" \/><figcaption class=\"wp-element-caption\">Vuoden 2022 naisjaosto<\/figcaption><\/figure>\n<\/figure>\n\n\n\n<ul class=\"wp-block-social-links is-layout-flex wp-block-social-links-is-layout-flex\"><li class=\"wp-social-link wp-social-link-facebook  wp-block-social-link\"><a href=\"https:\/\/facebook.com\/tyvoimistelu\" class=\"wp-block-social-link-anchor\"><svg width=\"24\" height=\"24\" viewBox=\"0 0 24 24\" version=\"1.1\" xmlns=\"http:\/\/www.w3.org\/2000\/svg\" aria-hidden=\"true\" focusable=\"false\"><path d=\"M12 2C6.5 2 2 6.5 2 12c0 5 3.7 9.1 8.4 9.9v-7H7.9V12h2.5V9.8c0-2.5 1.5-3.9 3.8-3.9 1.1 0 2.2.2 2.2.2v2.5h-1.3c-1.2 0-1.6.8-1.6 1.6V12h2.8l-.4 2.9h-2.3v7C18.3 21.1 22 17 22 12c0-5.5-4.5-10-10-10z\"><\/path><\/svg><span class=\"wp-block-social-link-label screen-reader-text\">Facebook<\/span><\/a><\/li><\/ul>\n","protected":false},"excerpt":{"rendered":"<p>Naisjaosto 2026 Mari M\u00e4enalanen puheenjohtaja Marika Joutsiniemi sihteeri Tiina N\u00e4\u00e4tsaari rahastonhoitaja Senni Joutsiniemi tiedotusvastaava Pirjo Vaateri jaoston j\u00e4sen Kaarina Laakso jaoston j\u00e4sen Iida Rinkinen jaoston j\u00e4sen Elli Teinil\u00e4 jaoston j\u00e4sen &hellip; <\/p>\n<p class=\"link-more\"><a href=\"https:\/\/www.tampereenyritys.fi\/?page_id=756\" class=\"more-link\">Jatka lukemista<span class=\"screen-reader-text\"> &#8221;Naisjaosto&#8221;<\/span><\/a><\/p>\n","protected":false},"author":4,"featured_media":0,"parent":0,"menu_order":0,"comment_status":"closed","ping_status":"closed","template":"","meta":{"_crdt_document":"","footnotes":""},"class_list":["post-756","page","type-page","status-publish","hentry"],"_links":{"self":[{"href":"https:\/\/www.tampereenyritys.fi\/index.php?rest_route=\/wp\/v2\/pages\/756","targetHints":{"allow":["GET"]}}],"collection":[{"href":"https:\/\/www.tampereenyritys.fi\/index.php?rest_route=\/wp\/v2\/pages"}],"about":[{"href":"https:\/\/www.tampereenyritys.fi\/index.php?rest_route=\/wp\/v2\/types\/page"}],"author":[{"embeddable":true,"href":"https:\/\/www.tampereenyritys.fi\/index.php?rest_route=\/wp\/v2\/users\/4"}],"replies":[{"embeddable":true,"href":"https:\/\/www.tampereenyritys.fi\/index.php?rest_route=%2Fwp%2Fv2%2Fcomments&post=756"}],"version-history":[{"count":27,"href":"https:\/\/www.tampereenyritys.fi\/index.php?rest_route=\/wp\/v2\/pages\/756\/revisions"}],"predecessor-version":[{"id":2259,"href":"https:\/\/www.tampereenyritys.fi\/index.php?rest_route=\/wp\/v2\/pages\/756\/revisions\/2259"}],"wp:attachment":[{"href":"https:\/\/www.tampereenyritys.fi\/index.php?rest_route=%2Fwp%2Fv2%2Fmedia&parent=756"}],"curies":[{"name":"wp","href":"https:\/\/api.w.org\/{rel}","templated":true}]}}