{"id":71,"date":"2018-06-11T07:23:32","date_gmt":"2018-06-11T07:23:32","guid":{"rendered":"http:\/\/www.tampereenyritys.com\/?page_id=71"},"modified":"2021-02-01T16:34:56","modified_gmt":"2021-02-01T16:34:56","slug":"yhteystiedot","status":"publish","type":"page","link":"https:\/\/www.tampereenyritys.fi\/?page_id=71","title":{"rendered":"Yhteystiedot"},"content":{"rendered":"\n<h2 class=\"wp-block-heading\"><strong>V- ja U-seura Tampereen Yritys r.y.<\/strong><br><\/h2>\n\n\n\n<p class=\"wp-block-paragraph\">Osoite: Soukanlahdenkatu 9 B, 33100 Tampere<br>Yhdistysrekisterinumero: 3.599<br>LY-tunnus: 0211702-6<\/p>\n\n\n\n<p class=\"wp-block-paragraph\">S\u00e4hk\u00f6posti: tampereen.yritys(at)hotmail.com<\/p>\n\n\n\n<p class=\"wp-block-paragraph\">Py\u00f6r\u00e4ilyjaoston s\u00e4hk\u00f6posti: typyoraily@gmail.com<\/p>\n\n\n\n<p class=\"wp-block-paragraph\">Py\u00f6r\u00e4ilyn Facebook-sivut: <a href=\"https:\/\/www.facebook.com\/tampereenyrityspyoraily\/\">https:\/\/www.facebook.com\/tampereenyrityspyoraily\/<\/a><br>Hiihdon Facebook-sivut: <a href=\"https:\/\/fi-fi.facebook.com\/Tampereenyrityshiihto\/\">https:\/\/fi-fi.facebook.com\/Tampereenyrityshiihto\/<\/a><br>Naisjaoston Facebook-sivut: <a href=\"https:\/\/www.facebook.com\/tyvoimistelu\/\">https:\/\/www.facebook.com\/tyvoimistelu\/<\/a><\/p>\n","protected":false},"excerpt":{"rendered":"<p>V- ja U-seura Tampereen Yritys r.y. Osoite: Soukanlahdenkatu 9 B, 33100 TampereYhdistysrekisterinumero: 3.599LY-tunnus: 0211702-6 S\u00e4hk\u00f6posti: tampereen.yritys(at)hotmail.com Py\u00f6r\u00e4ilyjaoston s\u00e4hk\u00f6posti: typyoraily@gmail.com Py\u00f6r\u00e4ilyn Facebook-sivut: https:\/\/www.facebook.com\/tampereenyrityspyoraily\/Hiihdon Facebook-sivut: https:\/\/fi-fi.facebook.com\/Tampereenyrityshiihto\/Naisjaoston Facebook-sivut: https:\/\/www.facebook.com\/tyvoimistelu\/<\/p>\n","protected":false},"author":1,"featured_media":0,"parent":139,"menu_order":2,"comment_status":"closed","ping_status":"closed","template":"","meta":{"_crdt_document":"","footnotes":""},"class_list":["post-71","page","type-page","status-publish","hentry"],"_links":{"self":[{"href":"https:\/\/www.tampereenyritys.fi\/index.php?rest_route=\/wp\/v2\/pages\/71","targetHints":{"allow":["GET"]}}],"collection":[{"href":"https:\/\/www.tampereenyritys.fi\/index.php?rest_route=\/wp\/v2\/pages"}],"about":[{"href":"https:\/\/www.tampereenyritys.fi\/index.php?rest_route=\/wp\/v2\/types\/page"}],"author":[{"embeddable":true,"href":"https:\/\/www.tampereenyritys.fi\/index.php?rest_route=\/wp\/v2\/users\/1"}],"replies":[{"embeddable":true,"href":"https:\/\/www.tampereenyritys.fi\/index.php?rest_route=%2Fwp%2Fv2%2Fcomments&post=71"}],"version-history":[{"count":5,"href":"https:\/\/www.tampereenyritys.fi\/index.php?rest_route=\/wp\/v2\/pages\/71\/revisions"}],"predecessor-version":[{"id":1206,"href":"https:\/\/www.tampereenyritys.fi\/index.php?rest_route=\/wp\/v2\/pages\/71\/revisions\/1206"}],"up":[{"embeddable":true,"href":"https:\/\/www.tampereenyritys.fi\/index.php?rest_route=\/wp\/v2\/pages\/139"}],"wp:attachment":[{"href":"https:\/\/www.tampereenyritys.fi\/index.php?rest_route=%2Fwp%2Fv2%2Fmedia&parent=71"}],"curies":[{"name":"wp","href":"https:\/\/api.w.org\/{rel}","templated":true}]}}