{"id":63,"date":"2018-06-11T07:22:26","date_gmt":"2018-06-11T07:22:26","guid":{"rendered":"http:\/\/www.tampereenyritys.com\/?page_id=63"},"modified":"2018-11-04T08:41:19","modified_gmt":"2018-11-04T08:41:19","slug":"pyoraily","status":"publish","type":"page","link":"https:\/\/www.tampereenyritys.fi\/?page_id=63","title":{"rendered":"Py\u00f6r\u00e4ily"},"content":{"rendered":"<p>16.9.2018 Pirkka MTB-marathon Lamminp\u00e4\u00e4ss\u00e4<\/p>\n\n\n<p class=\"wp-block-paragraph\"><strong>GRAND PRIX<\/strong><strong>MIESTEN LUOKAN VOITTAJAT 1981 &#8211; 2017&nbsp;<\/strong>(mn)&nbsp;<\/p>\n\n\n\n<table class=\"wp-block-table\"><tbody><tr><td><strong>1981\u00a0\u00a0\u00a0<\/strong><\/td><td><strong>JIRI MITZIK<\/strong><\/td><td><strong>TSEKKOSLOVAKIA<\/strong><\/td><td><\/td><\/tr><tr><td><strong>1982&nbsp;&nbsp;&nbsp;<\/strong><\/td><td><strong>MALLOR TYRNA<\/strong><\/td><td><strong>NEUVOSTOLIITTO<\/strong><\/td><td><\/td><\/tr><tr><td><strong>1983&nbsp;&nbsp;&nbsp;<\/strong><\/td><td><strong>JUKKA SEPP\u00c4<\/strong><\/td><td><strong>TAMPEREEN SISU<\/strong><\/td><td><\/td><\/tr><tr><td><strong>1984&nbsp;&nbsp;&nbsp;<\/strong><\/td><td><strong>JANNE \u00d6HMAN<\/strong><\/td><td><strong>TAMPEREEN SISU<\/strong><\/td><td><\/td><\/tr><tr><td><strong>1985&nbsp;&nbsp;&nbsp;<\/strong><\/td><td><strong>TAPIO NIEMI<\/strong><\/td><td><strong>TAMPEREEN YRITYS<\/strong><\/td><td><\/td><\/tr><tr><td><strong>1986&nbsp;&nbsp;&nbsp;<\/strong><\/td><td><strong>KARI MYYRYL\u00c4INEN<\/strong><\/td><td><strong>HYVINK\u00c4\u00c4N PONTEVA<\/strong><\/td><td><\/td><\/tr><tr><td><strong>1987&nbsp;&nbsp;&nbsp;<\/strong><\/td><td><strong>JARI L\u00c4HDE<\/strong><\/td><td><strong>TURUN URHEILULIITTO<\/strong><\/td><td><\/td><\/tr><tr><td><strong>1988&nbsp;&nbsp;&nbsp;<\/strong><\/td><td><strong>PASI HOTINEN<\/strong><\/td><td><strong>TAINIONKOSKEN T\u00c4HTI<\/strong><\/td><td><\/td><\/tr><tr><td><strong>1989&nbsp;&nbsp;&nbsp;<\/strong><\/td><td><strong>TAPIO NIEMI<\/strong><\/td><td><strong>TAMPEREEN YRITYS<\/strong><\/td><td><\/td><\/tr><tr><td><strong>1990&nbsp;&nbsp;&nbsp;<\/strong><\/td><td><strong>ALGES MAASIKMETS<\/strong><\/td><td><strong>NEUVOSTOLIITTO<\/strong><\/td><td><\/td><\/tr><tr><td><strong>1991&nbsp;<\/strong><\/td><td><strong>CAJ ORPANA<\/strong><\/td><td><strong>KOUVOLAN PY\u00d6R\u00c4ILIJ\u00c4T<\/strong><\/td><td><\/td><\/tr><tr><td><strong>1992&nbsp;&nbsp;&nbsp;<\/strong><\/td><td><strong>JOONA LAUKKA<\/strong><\/td><td><strong>LET\u00b4S GO, VANTAA<\/strong><\/td><td><\/td><\/tr><tr><td><strong>1993&nbsp;&nbsp;&nbsp;<\/strong><\/td><td><strong>KARI MYYRYL\u00c4INEN<\/strong><\/td><td><strong>HYVINK\u00c4\u00c4N PONTEVA<\/strong><\/td><td><\/td><\/tr><tr><td><strong>1994&nbsp;&nbsp;&nbsp;<\/strong><\/td><td><strong>MADS BUGGE<\/strong><\/td><td><strong>TANSKA<\/strong><\/td><td><\/td><\/tr><tr><td><strong>1995&nbsp;&nbsp;&nbsp;<\/strong><\/td><td><strong>MARTIN KRYGER<\/strong><\/td><td><strong>TANSKA<\/strong><\/td><td><\/td><\/tr><tr><td><strong>1996&nbsp;&nbsp;&nbsp;<\/strong><\/td><td><strong>MARTIN KRYGER<\/strong><\/td><td><strong>TANSKA<\/strong><\/td><td><strong>1.47,20<\/strong><\/td><\/tr><tr><td><strong>1997&nbsp;&nbsp;&nbsp;<\/strong><\/td><td><strong>STEFAN ANDERSON<\/strong><\/td><td><strong>RUOTSI<\/strong><\/td><td><strong>1.47,26<\/strong><\/td><\/tr><tr><td><strong>1998<\/strong><\/td><td><strong>MICHAEL ULSEN<\/strong><\/td><td><strong>TANSKA<\/strong><\/td><td><strong>1.52,23<\/strong><\/td><\/tr><tr><td><strong>1999<\/strong><\/td><td><strong>ANDREAS L\u00d6M\u00c4NG<\/strong><\/td><td><strong>TAMPEREEN YRITYS&nbsp;&nbsp;&nbsp; &nbsp;&nbsp;&nbsp;&nbsp;&nbsp;&nbsp;&nbsp;&nbsp;<\/strong><\/td><td><strong>1.48,52<\/strong><\/td><\/tr><tr><td><strong>2000<\/strong><\/td><td><strong>KIMMO KARHU<\/strong><\/td><td><strong>PORVOON AKILLES&nbsp;&nbsp;&nbsp;&nbsp;&nbsp; &nbsp;&nbsp;&nbsp;&nbsp;&nbsp;&nbsp;&nbsp;&nbsp;<\/strong><\/td><td><strong>1.46,50<\/strong><\/td><\/tr><tr><td><strong>2001&nbsp;<\/strong><\/td><td><strong>JUKKA VASTARANTA<\/strong><\/td><td><strong>TAMPEREEN YRITYS&nbsp;&nbsp;&nbsp; &nbsp;&nbsp;&nbsp;&nbsp;&nbsp;&nbsp;&nbsp;&nbsp;&nbsp;<\/strong><\/td><td><strong>1.49,09<\/strong><\/td><\/tr><tr><td><strong>2002<\/strong><\/td><td><strong>PASI AHLROOS<\/strong><\/td><td><strong>IDROTTSKLUBBEN-32&nbsp;&nbsp;&nbsp;&nbsp;&nbsp;&nbsp;&nbsp;&nbsp;&nbsp;&nbsp;<\/strong><\/td><td><strong>1.46,32<\/strong><\/td><\/tr><tr><td><strong>2003<\/strong><\/td><td><strong>TERO H\u00c4MEENAHO<\/strong><\/td><td><strong>J\u00c4RVENP\u00c4\u00c4N PY\u00d6R\u00c4ILIJ\u00c4T<\/strong><\/td><td><strong>1.49,35<\/strong><\/td><\/tr><tr><td><strong>2004<\/strong><\/td><td><strong>JARI NIEMINEN<\/strong><\/td><td><strong>P-68, TURKU<\/strong><\/td><td><strong>1.52,30<\/strong><\/td><\/tr><tr><td><strong>2005<\/strong><\/td><td><strong>MAREK SALERMO<\/strong><\/td><td><strong>CYCLE CLUB HELSINKI<\/strong><\/td><td><strong>1.43,24<\/strong><\/td><\/tr><tr><td><strong>2006&nbsp;<\/strong><\/td><td><strong>MAREK SALERMO<\/strong><\/td><td><strong>VANTAAN PY\u00d6R\u00c4ILIJ\u00c4T<\/strong><\/td><td><strong>1.49,50<\/strong><\/td><\/tr><tr><td><strong>2007&nbsp;&nbsp;&nbsp;&nbsp;&nbsp;<\/strong><\/td><td><strong>MART OJAVEE<\/strong><\/td><td><strong>VIRO<\/strong><\/td><td><strong>1.49,20<\/strong><\/td><\/tr><tr><td><strong>2008<\/strong><\/td><td><strong>MIKKO VASTARANTA<\/strong><\/td><td><strong>TEAM CONTINENTAL<\/strong><\/td><td><strong>1.51,51<\/strong><\/td><\/tr><tr><td><strong>2009<\/strong><\/td><td><strong>MATTI PAJARI<\/strong><\/td><td><strong>CYCLE CLUB HELSINKI<\/strong><\/td><td><strong>1.47,32<\/strong><\/td><\/tr><tr><td><strong>2010<\/strong><\/td><td><strong>JARMO RISSANEN<\/strong><\/td><td><strong>CC PICARO<\/strong><\/td><td><strong>1.54,04<\/strong><\/td><\/tr><tr><td><strong>2011<\/strong><\/td><td><strong>MIKA SIMOLA<\/strong><\/td><td><strong>TURUN URHEILULIITTO<\/strong><\/td><td><strong>1.48,48<\/strong><\/td><\/tr><tr><td><strong>2012<\/strong><\/td><td><strong>MAREK SALERMO<\/strong><\/td><td><strong>TEAM VELOCITOR<\/strong><\/td><td><strong>1.49,09<\/strong><\/td><\/tr><tr><td><strong>2013<\/strong><\/td><td><strong>SAMUEL P\u00d6K\u00c4L\u00c4<\/strong><\/td><td><strong>TWD-L\u00c4NKEN<\/strong><\/td><td><strong>1.46,21<\/strong><\/td><\/tr><tr><td><strong>2014<\/strong><\/td><td><strong>MAREK SALERMO<\/strong><\/td><td><strong>PORVOON AKILLES<\/strong><\/td><td><strong>1.48,08<\/strong><\/td><\/tr><tr><td><strong>2015<br><\/strong><\/td><td><strong>JESSE KAISLAVUO<\/strong><\/td><td><strong>TWD-L\u00c4NKEN<\/strong><\/td><td><strong>1.46,13<\/strong><\/td><\/tr><tr><td><strong>2016<br><\/strong><\/td><td><strong>ANTON VTIURIN<\/strong><\/td><td><strong>VEN\u00c4J\u00c4\/ TEAM VELOSPORT<\/strong><\/td><td><strong>1.46,35<\/strong><\/td><\/tr><tr><td><strong>2017<br><\/strong><\/td><td><strong>SAMUEL P\u00d6K\u00c4L\u00c4<br><\/strong><\/td><td><strong>TWD-L\u00c4NKEN<\/strong><\/td><td><strong>1.44,01<\/strong><\/td><\/tr><\/tbody><\/table>\n","protected":false},"excerpt":{"rendered":"<p>16.9.2018 Pirkka MTB-marathon Lamminp\u00e4\u00e4ss\u00e4 GRAND PRIXMIESTEN LUOKAN VOITTAJAT 1981 &#8211; 2017&nbsp;(mn)&nbsp; 1981\u00a0\u00a0\u00a0 JIRI MITZIK TSEKKOSLOVAKIA 1982&nbsp;&nbsp;&nbsp; MALLOR TYRNA NEUVOSTOLIITTO 1983&nbsp;&nbsp;&nbsp; JUKKA SEPP\u00c4 TAMPEREEN SISU 1984&nbsp;&nbsp;&nbsp; JANNE \u00d6HMAN TAMPEREEN SISU 1985&nbsp;&nbsp;&nbsp; &hellip; <\/p>\n<p class=\"link-more\"><a href=\"https:\/\/www.tampereenyritys.fi\/?page_id=63\" class=\"more-link\">Jatka lukemista<span class=\"screen-reader-text\"> &#8221;Py\u00f6r\u00e4ily&#8221;<\/span><\/a><\/p>\n","protected":false},"author":1,"featured_media":0,"parent":0,"menu_order":2,"comment_status":"closed","ping_status":"closed","template":"","meta":{"_crdt_document":"","footnotes":""},"class_list":["post-63","page","type-page","status-publish","hentry"],"_links":{"self":[{"href":"https:\/\/www.tampereenyritys.fi\/index.php?rest_route=\/wp\/v2\/pages\/63","targetHints":{"allow":["GET"]}}],"collection":[{"href":"https:\/\/www.tampereenyritys.fi\/index.php?rest_route=\/wp\/v2\/pages"}],"about":[{"href":"https:\/\/www.tampereenyritys.fi\/index.php?rest_route=\/wp\/v2\/types\/page"}],"author":[{"embeddable":true,"href":"https:\/\/www.tampereenyritys.fi\/index.php?rest_route=\/wp\/v2\/users\/1"}],"replies":[{"embeddable":true,"href":"https:\/\/www.tampereenyritys.fi\/index.php?rest_route=%2Fwp%2Fv2%2Fcomments&post=63"}],"version-history":[{"count":4,"href":"https:\/\/www.tampereenyritys.fi\/index.php?rest_route=\/wp\/v2\/pages\/63\/revisions"}],"predecessor-version":[{"id":253,"href":"https:\/\/www.tampereenyritys.fi\/index.php?rest_route=\/wp\/v2\/pages\/63\/revisions\/253"}],"wp:attachment":[{"href":"https:\/\/www.tampereenyritys.fi\/index.php?rest_route=%2Fwp%2Fv2%2Fmedia&parent=63"}],"curies":[{"name":"wp","href":"https:\/\/api.w.org\/{rel}","templated":true}]}}