{"id":61,"date":"2021-05-10T07:22:00","date_gmt":"2021-05-10T07:22:00","guid":{"rendered":"http:\/\/www.tampereenyritys.com\/?page_id=61"},"modified":"2026-04-25T12:32:43","modified_gmt":"2026-04-25T12:32:43","slug":"etusivu","status":"publish","type":"page","link":"https:\/\/www.tampereenyritys.fi\/","title":{"rendered":"Etusivu"},"content":{"rendered":"\n<p class=\"wp-block-paragraph\"><strong>Seuran Vuosikokous j\u00e4rjestet\u00e4\u00e4n 28.5.2026 klo 18.00 alkaen seuran toimistolla osoitteessa Soukalahdenkatu 9. Tervetuloa!<\/strong><\/p>\n\n\n\n<p class=\"wp-block-paragraph\"><\/p>\n","protected":false},"excerpt":{"rendered":"<p>Seuran Vuosikokous j\u00e4rjestet\u00e4\u00e4n 28.5.2026 klo 18.00 alkaen seuran toimistolla osoitteessa Soukalahdenkatu 9. Tervetuloa!<\/p>\n","protected":false},"author":1,"featured_media":0,"parent":0,"menu_order":1,"comment_status":"closed","ping_status":"closed","template":"","meta":{"_crdt_document":"{\"document\":\"AACFAf3sqo0fPbmesqYVme+CmBDx8oOpEgD97KqNHwD5nrKmFQWx8oOpEvmesqYVDv3sqo0fEvmesqYVA73sqo0f+Z6yphUSveyqjR\/5nrKmFQb97KqNHwWx8oOpEv3sqo0fAPHyg6kSS\/3sqo0fArHyg6kSveyqjR+Z74KYEL3sqo0fu8mKxw\/SAQgQAwAaDgIGDgYCDgUAAwEGAwAGAhQMAgQoAgoCEC4EFAgYCCoCEi4BAgwCAQIKSgAQAQIKAEryBwACvAdM4gcBAQgASEwKKiwCEAgKAgoCBQAyAgQI3AICFAgTAAIGFjounAHuBLIEiAL6AQEBCABIABABAQgASPoFqAW8AXgBAQgASMYGtAMYhgIu7gcBAQgASAIEDgEBCABIABABAQgASAJCEgEBCABIAkISAQEIAEgCQhIBAQgASAJCEgEBCABIAkISAQEIAEgC7gECqAKWBCCGAQIUCBMAAgYWOuQCagASlgXCBbQDGKAC3AcBBBQCALUCKAMnAAQAJwAEAIQAgQCEAYEAhACBAIQAgQCEAIEAhACBAIQAgQCEAoEAhACBAIQAgQCEAIEAhACBAIQAgQCEAIEAhACBAIQAgQCEAIEAhAAnACgEJwAoACEAKAInAAcAKAMnACgAJwCHACEAKAAhACgAJwEoACcAIQCoAgQAhwAoAicBKAAnAKgAhA\/ECYQBxACEAMcAKAInASgAJwDHACgCJwEoACcAxACEAMcAKAInASgAJwDEAoQAIQKoAEcAIQAoACEAJwAhAScAqAFHACgCJwEoACcAxwAhACgBJwEoACcAqADHACEAKAEnASgAJwCoAMcAIQAoAScBKAAnAKgAxwAhACgBJwEoACcAqADHACEAKAEnASgAJwCoAMcAIQAoAScBKAAnAKgAxAHBACEAoQAh7w2iDHN0YXRldmVyc2lvbmRvY3VtZW50ZGF0ZWRvY3VtZW50c2x1Z2RvY3VtZW50c3RhdHVzZG9jdW1lbnR0aXRsZUV0dXNpdnVkb2N1bWVudGNvbnRlbnQ8aFNldXJhbiBza29rb3VzIHJzdG4gMi4yMDIga2xvIDE4LjAwbiBzZXVyYW4gdG9pbWlzdG9sbGEgU291a2FsYWhkZW5rYTwvcD4KPCEtLSAvd3A6cGFyYWdyYXBoIC0tPmRvY3VtZW50ZXhjZXJwdGRvY3VtZW50YXV0aG9yZG9jdW1lbnRmZWF0dXJlZF9tZWRpYWRvY3VtZW50Y29tbWVudF9zdGF0dXNkb2N1bWVudHBpbmdfc3RhdHVzZG9jdW1lbnR0ZW1wbGF0ZWRvY3VtZW50bWV0YWZvb3Rub3Rlc19lbGVtZW50b3JfZWRpdF9tb2RlX2VsZW1lbnRvcl90ZW1wbGF0ZV90eXBlX2VsZW1lbnRvcl9kYXRhX2VsZW1lbnRvcl9wYWdlX3NldHRpbmdzZG9jdW1lbnRibG9ja3NjbGllbnRJZGlzVmFsaWRvcmlnaW5hbENvbnRlbnRuYW1lYXR0cmlidXRlc2NvbnRlbnRpbm5lckJsb2Nrc2NsaWVudElkaXNWYWxpZG9yaWdpbmFsQ29udGVudG5hbWVhdHRyaWJ1dGVzY29udGVudGRyb3BDYXBpbm5lckJsb2Nrc3N0YXRldmVyc2lvblNldXJhY2xpZW50SWRpc1ZhbGlkbmFtZWF0dHJpYnV0ZXNjb250ZW50ZHJvcENhcGlubmVyQmxvY2tzU2V1cmFuIFZ1b3Npa29rb3VzIGrDpHJqZXN0ZXTDpMOkbiAyOC0uNS4yMDI2IEtMTyBrbG8gMTk4LjAwIEFhbGFra2FlbiBzZXVyYW4gdG9pbWlzdG9sbGEgb2lzb2lvdHRpdHRlZXNzYSBTb3VrYWxhaGRlbmthVnVvaWrDpGplZXTDpMOkODUuNiBhbGthZW9zb2l0dGVlc3NhIHR1IDkuIFRlcnZldHl1eXVsb2EhY2xpZW50SWRpc1ZhbGlkbmFtZWF0dHJpYnV0ZXNjb250ZW50ZHJvcENhcGlubmVyQmxvY2tzY2xpZW50SWRpc1ZhbGlkbmFtZWF0dHJpYnV0ZXNjb250ZW50ZHJvcENhcGlubmVyQmxvY2tzPHN0cm9uZz48L3N0cm9uZz5jbGllbnRJZGlzVmFsaWRuYW1lYXR0cmlidXRlc2NvbnRlbnRkcm9wQ2FwaW5uZXJCbG9ja3M8c3Ryb25nPnR1IDkuIFRlcnZldHVsb2Ehc3Ryb25nPjwvCgo8IS0tIHdwOnBhcmFncmFwaCAtLT4KPHA+PC9wPgo8IS0tIC93cDpwYXJhZ3JhcGggLS0+c3RhdGV2ZXJzaW9uc3RhdGVzYXZlZEF0c3RhdGVzYXZlZEJ5Y2xpZW50SWRpc1ZhbGlkbmFtZWF0dHJpYnV0ZXNjb250ZW50ZHJvcENhcGlubmVyQmxvY2tzY2xpZW50SWRpc1ZhbGlkbmFtZWF0dHJpYnV0ZXNjb250ZW50ZHJvcENhcGlubmVyQmxvY2tzY2xpZW50SWRpc1ZhbGlkbmFtZWF0dHJpYnV0ZXNjb250ZW50ZHJvcENhcGlubmVyQmxvY2tzY2xpZW50SWRpc1ZhbGlkbmFtZWF0dHJpYnV0ZXNjb250ZW50ZHJvcENhcGlubmVyQmxvY2tzY2xpZW50SWRpc1ZhbGlkbmFtZWF0dHJpYnV0ZXNjb250ZW50ZHJvcENhcGlubmVyQmxvY2tzY2xpZW50SWRpc1ZhbGlkbmFtZWF0dHJpYnV0ZXNjb250ZW50ZHJvcENhcGlubmVyQmxvY2tzY2xpZW50SWRpc1ZhbGlkbmFtZWF0dHJpYnV0ZXNjb250ZW50ZHJvcENhcGlubmVyQmxvY2tzY2xpZW50SWRpc1ZhbGlkbmFtZWF0dHJpYnV0ZXNjb250ZW50ZHJvcENhcGlubmVyQmxvY2tzIS0tIHdwOnBhcmFncmFwIC0tPgo8cD5zdGF0ZXZlcnNpb25zdGF0ZXZlcnNpb24FBwgECAQIBggFBwgHQQAHAQcBAkECAwoBFAUIAkQAARAIBwgGCA4IDggLSAEECRQYDxgIBggHDwQKBwsIBw8ECkcACwUHBQgHBApHAAsMFgEIBAUBBQFCABkBAgQWAwFCAAQBAgEGTAACAQUIBwQKRwALCAcECkcACwgJCAcECkcACwgRCTYFBwUHBQcIBwQKRwALCAcECkcACwgHBApHAAsIBwQKRwALCAcECkcACwgHBApHAAsIBwQKRwALCAcECkcACw8IBQcFBxkBBAAAAQAAAAEGAAQBAAAPAQAAHAECADcBOkIBAQBBAABBAAIAQQACAEEAAgBBAAIAQQACAEEAAEEAAgBBAAIAQQACAEEAAgBBAAIAQQACAEEAAgAZQQINQwAHAgEDAQYCQQAXCgwVCUFUpQVBAQVMAH0BdxMyMDIxLTA1LTEwVDA3OjIyOjAwdwdldHVzaXZ1dwdwdWJsaXNofQF9AHcGY2xvc2VkdwZjbG9zZWR3AHcAdwd3cC1wYWdld9YGW3siaWQiOiIxNGQwM2M5MSIsImVsVHlwZSI6InNlY3Rpb24iLCJzZXR0aW5ncyI6W10sImVsZW1lbnRzIjpbeyJpZCI6IjU0OTlmNDE3IiwiZWxUeXBlIjoiY29sdW1uIiwic2V0dGluZ3MiOnsiX2NvbHVtbl9zaXplIjoxMDB9LCJlbGVtZW50cyI6W3siaWQiOiJjMDZmMjJhIiwiZWxUeXBlIjoid2lkZ2V0Iiwic2V0dGluZ3MiOnsiZWRpdG9yIjoiPGg1PlRlcnZldHVsb2EgVGFtcGVyZWVuIFlyaXR5a3NlbiBuZXR0aXNpdnVpbGxlITxcL2g1PlxuPHA+VGFtcGVyZWVuIFlyaXR5cyBvbiB2dW9ubmEgMTg5OSBwZXJ1c3RldHR1IHZvaW1pc3RlbHVuIGphIHVyaGVpbHVuIHlsZWlzc2V1cmEuPGJyIFwvPllyaXR5cyBvbiBUYW1wZXJlZW4gdmFuaGluIFRVTDpuIGpcdTAwZTRzZW5zZXVyYS48XC9wPlxuPHA+PCEtLSB3cDpwYXJhZ3JhcGggLS0+PFwvcD5cbjxwPlx1MDBhMDxcL3A+XG48cD48IS0tIFwvd3A6cGFyYWdyYXBoIC0tPjxcL3A+In0sImVsZW1lbnRzIjpbXSwid2lkZ2V0VHlwZSI6InRleHQtZWRpdG9yIn1dLCJpc0lubmVyIjpmYWxzZX1dLCJpc0lubmVyIjpmYWxzZX0seyJpZCI6IjczOGRiYTQiLCJlbFR5cGUiOiJzZWN0aW9uIiwic2V0dGluZ3MiOltdLCJlbGVtZW50cyI6W3siaWQiOiIzOWUzMTgxIiwiZWxUeXBlIjoiY29sdW1uIiwic2V0dGluZ3MiOnsiX2NvbHVtbl9zaXplIjoxMDAsIl9pbmxpbmVfc2l6ZSI6bnVsbH0sImVsZW1lbnRzIjpbeyJpZCI6ImUxZGMxN2EiLCJlbFR5cGUiOiJ3aWRnZXQiLCJzZXR0aW5ncyI6eyJlZGl0b3IiOiIifSwiZWxlbWVudHMiOltdLCJ3aWRnZXRUeXBlIjoidGV4dC1lZGl0b3IifV0sImlzSW5uZXIiOmZhbHNlfV0sImlzSW5uZXIiOmZhbHNlfV1+dyQzZDIzODUwNy03YjVlLTQzZTItODU0NC0xYzNjNTdlYTUyOWV4d6ABPGgzPsKgPC9oMz4KPGgzPlNldXJhbiBzeXlza29rb3VzIDxzdHJvbmc+dG9yc3RhaW5hIDQuMTIuMjAyNSBrbG8gMTguMDA8L3N0cm9uZz4gc2V1cmFuIHRvaW1pc3RvbGxhIChTb3VrYW5sYWhkZW5rYXR1IDkgQiAzMykuIFRlcnZldHVsb2EhPC9oMz4KPC9wPgo8aDM+wqA8L2gzPncNY29yZS9mcmVlZm9ybXegATxoMz7CoDwvaDM+CjxoMz5TZXVyYW4gc3l5c2tva291cyA8c3Ryb25nPnRvcnN0YWluYSA0LjEyLjIwMjUga2xvIDE4LjAwPC9zdHJvbmc+IHNldXJhbiB0b2ltaXN0b2xsYSAoU291a2FubGFoZGVua2F0dSA5IEIgMzMpLiBUZXJ2ZXR1bG9hITwvaDM+CjwvcD4KPGgzPsKgPC9oMz54dw5jb3JlL3BhcmFncmFwaHlKAHcAe0J53En3iQAAe0HlTMj3IAAAdyQ1OWY3MzMzOC03YzY0LTQyMjgtOTBiZS1hMzI0MTczZjRkYTN4dw5jb3JlL3BhcmFncmFwaHl3JDU5ZjczMzM4LTdjNjQtNDIyOC05MGJlLWEzMjQxNzNmNGRhM3ckMTBlZDAzZTUtZDUzMi00ZGU4LThhMWItZGU0M2VhMDM3MDE0eHcOY29yZS9wYXJhZ3JhcGh5dyRmZmU2NjA2YS1kNTVkLTRhY2ItODVkNi03NDA2YmNmZjkyNzd4dw5jb3JlL3BhcmFncmFwaHl3JGQ5ZWU0MjE2LWU0NzktNGIzNS1hZDUzLWZlNTNlZTQ2ZDAyOXh3DmNvcmUvcGFyYWdyYXBoeU8AdyQ5Y2YxZWI5ZC05N2ZkLTQ4OGItYjBiNC1jMTAyM2FiNmZjNWV4dyRiY2U3YTJmMy1iMzkyLTQ2MGYtODA4Zi0yMzU5Y2NkNzJmMmF3DWNvcmUvZnJlZWZvcm13JDZhZjdhODMxLWUzOWYtNDczMy1hMDQ0LWU5ZTA4MTAwYmFjYnh3DmNvcmUvcGFyYWdyYXBoeXh3DmNvcmUvcGFyYWdyYXBoeXckN2M4MTBlYzAtZTBhYy00MzNhLWExZTItNGY3YTczZTAzODg5eHcOY29yZS9wYXJhZ3JhcGh5dyRhNGMzN2M0OS0xNDBmLTRhMmEtYjJkMy00YjQ3Yzk4MjE5NjN4dw5jb3JlL3BhcmFncmFwaHl3JGRiMDhlMWJlLTczNGQtNDdkMC04M2U1LTlhZjQyMTk2NmJlNXh3DmNvcmUvcGFyYWdyYXBoeXckOGMyN2M4NmYtNTQwMC00NDA1LWI5NTEtZDdlMzVmYWQwMDUweHcOY29yZS9wYXJhZ3JhcGh5dyQ0MTVlZjNiMy1lMDQxLTQ4ODMtOTAzMS04NjQ4MjA5NzU5ZWF4dw5jb3JlL3BhcmFncmFwaHl3JDZmZTIxODlmLWNiNmYtNDZiZC1iNTZkLTUwN2M0ZThmNzQxMwIAAQAFvbbVxg8VDwwIAgcCAQYCAQEAAQIFAAoFAQEUAAUACBYCCQQLBBQBCBgABAcBAAEAuY+Z0woLAAADDCMACAMFAAUAAgEZAAIDRAIFD7H5wZQJAgBLF+QC2beBjAgBAAH7pMXjBwEAAA==\",\"updateId\":600266228}","footnotes":""},"class_list":["post-61","page","type-page","status-publish","hentry"],"_links":{"self":[{"href":"https:\/\/www.tampereenyritys.fi\/index.php?rest_route=\/wp\/v2\/pages\/61","targetHints":{"allow":["GET"]}}],"collection":[{"href":"https:\/\/www.tampereenyritys.fi\/index.php?rest_route=\/wp\/v2\/pages"}],"about":[{"href":"https:\/\/www.tampereenyritys.fi\/index.php?rest_route=\/wp\/v2\/types\/page"}],"author":[{"embeddable":true,"href":"https:\/\/www.tampereenyritys.fi\/index.php?rest_route=\/wp\/v2\/users\/1"}],"replies":[{"embeddable":true,"href":"https:\/\/www.tampereenyritys.fi\/index.php?rest_route=%2Fwp%2Fv2%2Fcomments&post=61"}],"version-history":[{"count":108,"href":"https:\/\/www.tampereenyritys.fi\/index.php?rest_route=\/wp\/v2\/pages\/61\/revisions"}],"predecessor-version":[{"id":2379,"href":"https:\/\/www.tampereenyritys.fi\/index.php?rest_route=\/wp\/v2\/pages\/61\/revisions\/2379"}],"wp:attachment":[{"href":"https:\/\/www.tampereenyritys.fi\/index.php?rest_route=%2Fwp%2Fv2%2Fmedia&parent=61"}],"curies":[{"name":"wp","href":"https:\/\/api.w.org\/{rel}","templated":true}]}}