{"id":553,"date":"2019-05-09T10:28:37","date_gmt":"2019-05-09T10:28:37","guid":{"rendered":"http:\/\/www.tampereenyritys.fi\/?page_id=553"},"modified":"2026-04-14T08:50:41","modified_gmt":"2026-04-14T08:50:41","slug":"39-rosendahl-gp","status":"publish","type":"page","link":"https:\/\/www.tampereenyritys.fi\/?page_id=553","title":{"rendered":"46. Rosendahl GP"},"content":{"rendered":"\n<p class=\"wp-block-paragraph\"><strong>46. Rosendahl GP sunnuntaina 24.5.2026 klo 13.00 alkaen<\/strong><\/p>\n\n\n\n<p class=\"wp-block-paragraph\"><a href=\"https:\/\/my.raceresult.com\/340394\/participants\">L\u00e4ht\u00f6listat ja tulokset<\/a><\/p>\n\n\n\n<p class=\"wp-block-paragraph\">Ensimm\u00e4isess\u00e4 l\u00e4hd\u00f6ss\u00e4 klo 13.00 ajavat Naiset (WU19)<\/p>\n\n\n\n<p class=\"wp-block-paragraph\">Kategoria 2 ja U17-sarja l\u00e4htev\u00e4t noin klo 13.45<\/p>\n\n\n\n<p class=\"wp-block-paragraph\">M-elite ja MU19 l\u00e4htev\u00e4t n. 14.45<\/p>\n\n\n\n<p class=\"wp-block-paragraph\">L\u00e4hd\u00f6t tapahtuvat Pyynikin n\u00e4k\u00f6t\u00f6rnin l\u00e4heisyydest\u00e4.<\/p>\n\n\n\n<p class=\"wp-block-paragraph\"><strong>Matkat:<\/strong><\/p>\n\n\n\n<p class=\"wp-block-paragraph\">Naiset (WU19) 7 kierrosta<\/p>\n\n\n\n<p class=\"wp-block-paragraph\">Kategoria 2 ja M-16 10 kierrosta<\/p>\n\n\n\n<p class=\"wp-block-paragraph\">M-Elite ja MU19 20 kierrosta<\/p>\n\n\n\n<p class=\"wp-block-paragraph\">Pukeutuminen <strong>Pyynikin urheilukent\u00e4ll\u00e4, F.E. Sillanp\u00e4\u00e4n katu 4, 33230 Tampere<\/strong><\/p>\n\n\n\n<p class=\"wp-block-paragraph\"><br>Ilmoittatumiset t\u00e4m\u00e4n <a href=\"https:\/\/docs.google.com\/forms\/d\/e\/1FAIpQLSeeGcO8M5ZUtTFEo_liWWHcrfT1XBpcBNhhKLEE4vSvpMmPBw\/viewform?usp=dialog\" data-type=\"link\" data-id=\"https:\/\/docs.google.com\/forms\/d\/e\/1FAIpQLSeeGcO8M5ZUtTFEo_liWWHcrfT1XBpcBNhhKLEE4vSvpMmPBw\/viewform?usp=dialog\">lomakkeen<\/a> kautta 15.5.2026 menness\u00e4. Ilmoittautuminen maksetaan seuran tilille FI52 4726 0010 0785 04\u00a0ilmoittautumisen yhteydess\u00e4<\/p>\n\n\n\n<p class=\"wp-block-paragraph\"><br><strong>Ilmoittautumismaksu<\/strong>:<\/p>\n\n\n\n<p class=\"wp-block-paragraph\"><br>M\/N Elite ja M\/WU19 65\u20ac<\/p>\n\n\n\n<p class=\"wp-block-paragraph\">Kategoria 2 ja U17 55\u20ac<\/p>\n\n\n\n<p class=\"wp-block-paragraph\">Ilmoittautumismaksu maksetaan seuran tilille ilmoittautumisen yhteydess\u00e4!\u00a0<\/p>\n\n\n\n<p class=\"wp-block-paragraph\">Tilinumero FI52 4726 0010 0785 04\u00a0<\/p>\n\n\n\n<p class=\"wp-block-paragraph\"><\/p>\n\n\n\n<p class=\"wp-block-paragraph\"><\/p>\n\n\n\n<p class=\"wp-block-paragraph\"><\/p>\n","protected":false},"excerpt":{"rendered":"<p>46. Rosendahl GP sunnuntaina 24.5.2026 klo 13.00 alkaen L\u00e4ht\u00f6listat ja tulokset Ensimm\u00e4isess\u00e4 l\u00e4hd\u00f6ss\u00e4 klo 13.00 ajavat Naiset (WU19) Kategoria 2 ja U17-sarja l\u00e4htev\u00e4t noin klo 13.45 M-elite ja MU19 l\u00e4htev\u00e4t &hellip; <\/p>\n<p class=\"link-more\"><a href=\"https:\/\/www.tampereenyritys.fi\/?page_id=553\" class=\"more-link\">Jatka lukemista<span class=\"screen-reader-text\"> &#8221;46. Rosendahl GP&#8221;<\/span><\/a><\/p>\n","protected":false},"author":1,"featured_media":0,"parent":90,"menu_order":0,"comment_status":"closed","ping_status":"closed","template":"","meta":{"_crdt_document":"{\"document\":\"AAAVmJaL\/BflhqFbAqa\/o6gX5YahW+8C7wKoWroC2l0DAB6EAQI2BAwCDAKwATYCEgIGAjgCgAkCFgMBiAECoAICngMCiAICggEChAUCJAQMAhACBAIQAg4CFIQFArQDAqwCApodAgwClgIMkgYClgICgAQMrgIMiAYBAgwCAQIKAhICNgQKNtACSgCiArABAQIKAkJKALgCAQIKAjgCfEoAvAEBAgoCmAEC3AFKALIBAQIKAjoCfkoAlAEBAgoCQkoAugEBAgoCQkoAggEBAgoCQkoAhAEBAgoCQkoAkgEBAgoCQkoAigEBAgoCQkoAjAMBAgoCpAkCDAKWAgzYDEoAng0BAgoCQkoApAEBAgoCMgJ2SgCIAQECCgIoAmxKAD4BAgoCQkoAsAIBAgoCQkoAoAEBAgoASgASAQIKAEoAEgECCgBK6I8BumMehAGoKgIMAMArqCt0wiWEATikAQ6GAdZuOBAOhiS2A64CjEyUDOQCDu44DpgClkICtAECwgk+CjTqNpgCNapaugLWXZhkhAEBAbYqwCsAtCr+I5wClAHWbjgQDoYktgOuAqBY5AIO7jgOmAKKPD7qNpgC9wMoAMQBIQEoAicABACBAIQAJwAEAIEAhACBAIQAgQCEAIEAhACBAIQAgQCEAIEAhACBAIQAgQCEAIEAhACBAIQAgQCEAIEAhACBAIQAgQCEAIEAhACBAIQAgQCEAIEAhACBAIQAgQCEAIEAhACBAIQAgQCEAIEAhACBAIQAgQCEAIEAhACBAIQAgQCEAIEAhACBAIQAgQCEAIEAhAAnACgEJwAoBCcABwAhACgCJwEEAIEAhACBAIQAgQCEACgAJwCBAAAAhwAoAycBBAAoACcAhwAhACgCJwEEAIEAhAAoACcAhwAhACgCJwEEAIEAhAAoACcAhwAhACgCJwEEAIEAhAAoACcAhwAoAycBBAAoACcAhwAoAycBBAAoACcAhwAoAycBBAAoACcAhwAoAycBBAAoACcAhwAoAycBBAAoACcAhwAoAycBBAAoACcAhwAhACgCJwEEAIEAhACBAIQAgQCEACgAJwCHACgDJwEEACgAJwCHACEAKAInAQQAgQCEACgAJwCHACEAKAInAQQAgQCEACgAJwCHACgDJwEEACgAJwCHACgDJwEEACgAJwCHACgDJwEoACcAhwAoAycBKAAnAIcAKAMnASgAJwAhAcQAqADEAcEAxALBAMQBqADEAKgAxACoAMQHqADEBaEBqALEAKgAxIIr5ChzdGF0ZXZlcnNpb27CoMKgc3RhdGV2ZXJzaW9uc3RhdGV2ZXJzaW9uZG9jdW1lbnRkYXRlZG9jdW1lbnRzbHVnZG9jdW1lbnRzdGF0dXNkb2N1bWVudHRpdGxlNC4gUm9zZW5kYWhsIEdQZG9jdW1lbnRjb250ZW50PCEtLSB3cDpwYXJhZ3JhcGggLS0+CjxwPjxzdHJvbmc+NC4gUm9zZW5kYWhsIEdQIHN1bm51bnRhaW5hIC41LjIwMiBrbG8gMS4wMCBhbGthZW48L3N0cm9uZz48L3A+CjwhLS0gL3dwOnBhcmFncmFwaCAtLT4KCjwhLS0gd3A6cGFyYWdyYXBoIC0tPgo8cD48YSBocmVmPSJodHRwczovL215LnJhY2VyZXN1bHQuY29tLzM0MDM5NC9wYXJ0aWNpcGFudHMiPkzDpGh0w7ZsaXN0YXQgamEgdHVsb2tzZXQ8L2E+PC9wPgo8IS0tIC93cDpwYXJhZ3JhcGggLS0+Cgo8IS0tIHdwOnBhcmFncmFwaCAtLT4KPHA+RW5zaW1tw6Rpc2Vzc8OkIGzDpGhkw7Zzc8OkIGtsbyAxLjAwIGFqYXZhdCBOYWlzZXQgKFdVMTkpPC9wPgo8IS0tIC93cDpwYXJhZ3JhcGggLS0+Cgo8IS0tIHdwOnBhcmFncmFwaCAtLT4KPHA+S2F0ZWdvcmlhIDIgamEgVTE3LXNhcmphIGzDpGh0ZXbDpHQgbm9pbiBrbG8gMS40NTwvcD4KPCEtLSAvd3A6cGFyYWdyYXBoIC0tPgoKPCEtLSB3cDpwYXJhZ3JhcGggLS0+CjxwPk0tZWxpdGUgamEgTVUxOSBsw6RodGV2w6R0IG4uIDEuNDU8L3A+CjwhLS0gL3dwOnBhcmFncmFwaCAtLT4KCjwhLS0gd3A6cGFyYWdyYXBoIC0tPgo8cD5Mw6RoZMO2dCB0YXBhaHR1dmF0IFB5eW5pa2luIG7DpGvDtnTDtnJuaW4gbMOkaGVpc3l5ZGVzdMOkLjwvcD4KPCEtLSAvd3A6cGFyYWdyYXBoIC0tPgoKPCEtLSB3cDpwYXJhZ3JhcGggLS0+CjxwPjxzdHJvbmc+TWF0a2F0Ojwvc3Ryb25nPjwvcD4KPCEtLSAvd3A6cGFyYWdyYXBoIC0tPgoKPCEtLSB3cDpwYXJhZ3JhcGggLS0+CjxwPk5haXNldCAoV1UxOSkgNyBraWVycm9zdGE8L3A+CjwhLS0gL3dwOnBhcmFncmFwaCAtLT4KCjwhLS0gd3A6cGFyYWdyYXBoIC0tPgo8cD5LYXRlZ29yaWEgMiBqYSBNLTE2IDEwIGtpZXJyb3N0YTwvcD4KPCEtLSAvd3A6cGFyYWdyYXBoIC0tPgoKPCEtLSB3cDpwYXJhZ3JhcGggLS0+CjxwPk0tRWxpdGUgamEgTVUxOSAyMCBraWVycm9zdGE8L3A+CjwhLS0gL3dwOnBhcmFncmFwaCAtLT4KCjwhLS0gd3A6cGFyYWdyYXBoIC0tPgo8cD5QdWtldXR1bWluZW4gPHN0cm9uZz5QeXluaWtpbiB1cmhlaWx1a2VudMOkbGzDpCwgRi5FLiBTaWxsYW5ww6TDpG4ga2F0dSA0LCAzMzIzMCBUYW1wZXJlPC9zdHJvbmc+PC9wPgo8IS0tIC93cDpwYXJhZ3JhcGggLS0+Cgo8IS0tIHdwOnBhcmFncmFwaCAtLT4KPHA+PGJyPklsbW9pdHRhdHVtaXNldCB0w6Rtw6RuIDxhIGhyZWY9Imh0dHBzOi8vZG9jcy5nb29nbGUuY29tL2Zvcm1zL2QvZS8xRkFJcFFMU2VlR2NPOE01WlV0VEZFb19saVdXSGNyZlQxWEJwY0JOaGhLTEVFNHZTdnBNbVBCdy92aWV3Zm9ybT91c3A9ZGlhbG9nIiBkYXRhLXR5cGU9ImxpbmsiIGRhdGEtaWQ9Imh0dHBzOi8vZG9jcy5nb29nbGUuY29tL2Zvcm1zL2QvZS8xRkFJcFFMU2VlR2NPOE01WlV0VEZFb19saVdXSGNyZlQxWEJwY0JOaGhLTEVFNHZTdnBNbVBCdy92aWV3Zm9ybT91c3A9ZGlhbG9nIj5sb21ha2tlZW48L2E+IGthdXR0YSAuNS4yMDIgbWVubmVzc8OkLiBJbG1vaXR0YXV0dW1pbmVuIG1ha3NldGFhbiBzZXVyYW4gdGlsaWxsZSBGSTUyIDQ3MjYgMDAxMCAwNzg1IDA0aWxtb2l0dGF1dHVtaXNlbiB5aHRleWRlc3PDpDwvcD4KPCEtLSAvd3A6cGFyYWdyYXBoIC0tPgoKPCEtLSB3cDpwYXJhZ3JhcGggLS0+CjxwPjxicj48c3Ryb25nPklsbW9pdHRhdXR1bWlzbWFrc3U8L3N0cm9uZz46PC9wPgo8IS0tIC93cDpwYXJhZ3JhcGggLS0+Cgo8IS0tIHdwOnBhcmFncmFwaCAtLT4KPHA+PGJyPk0vTiBFbGl0ZSBqYSBNL1dVMTkgNuKCrDwvcD4KPCEtLSAvd3A6cGFyYWdyYXBoIC0tPgoKPCEtLSB3cDpwYXJhZ3JhcGggLS0+CjxwPkthdGVnb3JpYSAyIGphIFUxNyA14oKsPC9wPgo8IS0tIC93cDpwYXJhZ3JhcGggLS0+Cgo8IS0tIHdwOnBhcmFncmFwaCAtLT4KPHA+SWxtb2l0dGF1dHVtaXNtYWtzdSBtYWtzZXRhYW4gc2V1cmFuIHRpbGlsbGUgaWxtb2l0dGF1dHVtaXNlbiB5aHRleWRlc3PDpCE8L3A+CjwhLS0gL3dwOnBhcmFncmFwaCAtLT4KCjwhLS0gd3A6cGFyYWdyYXBoIC0tPgo8cD5UaWxpbnVtZXJvIEZJNTIgNDcyNiAwMDEwIDA3ODUgMDQ8L3A+CjwhLS0gL3dwOnBhcmFncmFwaCAtLT4KCjwhLS0gd3A6cGFyYWdyYXBoIC0tPgo8cD48L3A+CjwhLS0gL3dwOnBhcmFncmFwaCAtLT4KCjwhLS0gd3A6cGFyYWdyYXBoIC0tPgo8cD48L3A+CjwhLS0gL3dwOnBhcmFncmFwaCAtLT4KCjwhLS0gd3A6cGFyYWdyYXBoIC0tPgo8cD48L3A+CjwhLS0gL3dwOnBhcmFncmFwaCAtLT5kb2N1bWVudGV4Y2VycHRkb2N1bWVudGF1dGhvcmRvY3VtZW50ZmVhdHVyZWRfbWVkaWFkb2N1bWVudGNvbW1lbnRfc3RhdHVzZG9jdW1lbnRwaW5nX3N0YXR1c2RvY3VtZW50dGVtcGxhdGVkb2N1bWVudG1ldGFmb290bm90ZXNfZWxlbWVudG9yX2VkaXRfbW9kZV9lbGVtZW50b3JfdGVtcGxhdGVfdHlwZV9lbGVtZW50b3JfZGF0YV9lbGVtZW50b3JfcGFnZV9zZXR0aW5nc2RvY3VtZW50YmxvY2tzY2xpZW50SWRpc1ZhbGlkb3JpZ2luYWxDb250ZW50bmFtZWF0dHJpYnV0ZXNjb250ZW50PHN0cm9uZz40LiBSb3NlbmRhaGwgR1Agc3VubnVudGFpbmEgLjUuMjA+ZHJvcENhcGlubmVyQmxvY2tzY2xpZW50SWRpc1ZhbGlkb3JpZ2luYWxDb250ZW50bmFtZWF0dHJpYnV0ZXNjb250ZW50PGEgaHJlZj0iaHR0cHM6Ly9teS5yYWNlcmVzdWx0LmNvbS8zNDAzOTQvcGFydGljaXBhbnRzIj5Mw6RodMO2bGlzdGF0IGphIHR1bG9rc2V0PC9hPmRyb3BDYXBpbm5lckJsb2Nrc2NsaWVudElkaXNWYWxpZG9yaWdpbmFsQ29udGVudG5hbWVhdHRyaWJ1dGVzY29udGVudEVuc2ltbcOkaXNlc3PDpCBsw6RoZMO2c3PDpCBrbG8gMS4wMCBhamF2YXQgTmFpc2V0IChXVTE5KWRyb3BDYXBpbm5lckJsb2Nrc2NsaWVudElkaXNWYWxpZG9yaWdpbmFsQ29udGVudG5hbWVhdHRyaWJ1dGVzY29udGVudEthdGVnb3JpYSAyIGphIFUxNy1zYXJqYSBsw6RodGV2w6R0IG5vaW4ga2xvIDEuNDVkcm9wQ2FwaW5uZXJCbG9ja3NjbGllbnRJZGlzVmFsaWRvcmlnaW5hbENvbnRlbnRuYW1lYXR0cmlidXRlc2NvbnRlbnRNLWVsaXRlIGphIE1VMTkgbMOkaHRldsOkdCBuLiAxLjQ1ZHJvcENhcGlubmVyQmxvY2tzY2xpZW50SWRpc1ZhbGlkb3JpZ2luYWxDb250ZW50bmFtZWF0dHJpYnV0ZXNjb250ZW50TMOkaGTDtnQgdGFwYWh0dXZhdCBQeXluaWtpbiBuw6Rrw7Z0w7ZybmluIGzDpGhlaXN5eWRlc3TDpC5kcm9wQ2FwaW5uZXJCbG9ja3NjbGllbnRJZGlzVmFsaWRvcmlnaW5hbENvbnRlbnRuYW1lYXR0cmlidXRlc2NvbnRlbnQ8c3Ryb25nPk1hdGthdDo8L3N0cm9uZz5kcm9wQ2FwaW5uZXJCbG9ja3NjbGllbnRJZGlzVmFsaWRvcmlnaW5hbENvbnRlbnRuYW1lYXR0cmlidXRlc2NvbnRlbnROYWlzZXQgKFdVMTkpIDcga2llcnJvc3RhZHJvcENhcGlubmVyQmxvY2tzY2xpZW50SWRpc1ZhbGlkb3JpZ2luYWxDb250ZW50bmFtZWF0dHJpYnV0ZXNjb250ZW50S2F0ZWdvcmlhIDIgamEgTS0xNiAxMCBraWVycm9zdGFkcm9wQ2FwaW5uZXJCbG9ja3NjbGllbnRJZGlzVmFsaWRvcmlnaW5hbENvbnRlbnRuYW1lYXR0cmlidXRlc2NvbnRlbnRNLUVsaXRlIGphIE1VMTkgMjAga2llcnJvc3RhZHJvcENhcGlubmVyQmxvY2tzY2xpZW50SWRpc1ZhbGlkb3JpZ2luYWxDb250ZW50bmFtZWF0dHJpYnV0ZXNjb250ZW50UHVrZXV0dW1pbmVuIDxzdHJvbmc+UHl5bmlraW4gdXJoZWlsdWtlbnTDpGxsw6QsIEYuRS4gU2lsbGFucMOkw6RuIGthdHUgNCwgMzMyMzAgVGFtcGVyZTwvc3Ryb25nPmRyb3BDYXBpbm5lckJsb2Nrc2NsaWVudElkaXNWYWxpZG9yaWdpbmFsQ29udGVudG5hbWVhdHRyaWJ1dGVzY29udGVudDxicj5JbG1vaXR0YXR1bWlzZXQgdMOkbcOkbiA8YSBocmVmPSJodHRwczovL2RvY3MuZ29vZ2xlLmNvbS9mb3Jtcy9kL2UvMUZBSXBRTFNlZUdjTzhNNVpVdFRGRW9fbGlXV0hjcmZUMVhCcGNCTmhoS0xFRTR2U3ZwTW1QQncvdmlld2Zvcm0\/dXNwPWRpYWxvZyIgZGF0YS10eXBlPSJsaW5rIiBkYXRhLWlkPSJodHRwczovL2RvY3MuZ29vZ2xlLmNvbS9mb3Jtcy9kL2UvMUZBSXBRTFNlZUdjTzhNNVpVdFRGRW9fbGlXV0hjcmZUMVhCcGNCTmhoS0xFRTR2U3ZwTW1QQncvdmlld2Zvcm0\/dXNwPWRpYWxvZyI+bG9tYWtrZWVuPC9hPiBrYXV0dGEgLjUuMjAyIG1lbm5lc3PDpC4gSWxtb2l0dGF1dHVtaW5lbiBtYWtzZXRhYW4gc2V1cmFuIHRpbGlsbGUgRkk1MiA0NzI2IDAwMTAgMDc4NSAwNGlsbW9pdHRhdXR1bWlzZW4geWh0ZXlkZXNzw6Rkcm9wQ2FwaW5uZXJCbG9ja3NjbGllbnRJZGlzVmFsaWRvcmlnaW5hbENvbnRlbnRuYW1lYXR0cmlidXRlc2NvbnRlbnQ8YnI+PHN0cm9uZz5JbG1vaXR0YXV0dW1pc21ha3N1PC9zdHJvbmc+OmRyb3BDYXBpbm5lckJsb2Nrc2NsaWVudElkaXNWYWxpZG9yaWdpbmFsQ29udGVudG5hbWVhdHRyaWJ1dGVzY29udGVudDxicj5NL04gRWxpdGUgamEgTS9XVTE5IDbigqxkcm9wQ2FwaW5uZXJCbG9ja3NjbGllbnRJZGlzVmFsaWRvcmlnaW5hbENvbnRlbnRuYW1lYXR0cmlidXRlc2NvbnRlbnRLYXRlZ29yaWEgMiBqYSBVMTcgNeKCrGRyb3BDYXBpbm5lckJsb2Nrc2NsaWVudElkaXNWYWxpZG9yaWdpbmFsQ29udGVudG5hbWVhdHRyaWJ1dGVzY29udGVudElsbW9pdHRhdXR1bWlzbWFrc3UgbWFrc2V0YWFuIHNldXJhbiB0aWxpbGxlIGlsbW9pdHRhdXR1bWlzZW4geWh0ZXlkZXNzw6QhJm5ic3A7ZHJvcENhcGlubmVyQmxvY2tzY2xpZW50SWRpc1ZhbGlkb3JpZ2luYWxDb250ZW50bmFtZWF0dHJpYnV0ZXNjb250ZW50VGlsaW51bWVybyBGSTUyIDQ3MjYgMDAxMCAwNzg1IDA0Jm5ic3A7ZHJvcENhcGlubmVyQmxvY2tzY2xpZW50SWRpc1ZhbGlkb3JpZ2luYWxDb250ZW50bmFtZWF0dHJpYnV0ZXNjb250ZW50ZHJvcENhcGlubmVyQmxvY2tzY2xpZW50SWRpc1ZhbGlkb3JpZ2luYWxDb250ZW50bmFtZWF0dHJpYnV0ZXNjb250ZW50ZHJvcENhcGlubmVyQmxvY2tzY2xpZW50SWRpc1ZhbGlkb3JpZ2luYWxDb250ZW50bmFtZWF0dHJpYnV0ZXNjb250ZW50ZHJvcENhcGlubmVyQmxvY2tzc3RhdGVzYXZlZEF0c3RhdGVzYXZlZEJ5NjYyIGtsbyAxLjAwIGFsa2Flbjwvc3Ryb25nMzI0NjMzNDYyNDYzMzM0wqAxNTYxNTbCoDU1NTUFB0EABQcFBwgECAQIBggFAQ4IByIbRgA4QQsCQQOiAroBlgGtDgaLAYkDiwGAApcBvQIIBwgGCA4IDggLSAEECRQYDxgIBggHDwQKBwkbBQEHCwgHDwQKB5MBBwsIBw8ECgccGAcLCAcPBAoHLAMHCwgHDwQKBx0DBwsIBw8ECgc0BwsIBw8ECgcYBwsIBw8ECgcZBwsIBw8ECgcgBwsIBw8ECgccBwsIBw8ECgedAQcLCAcPBAoHsgQGiwEbBwsIBw8ECgcpBwsIBw8ECgcZAQcLCAcPBAoHFAEHCwgHDwQKB48BBwsIBw8ECgcnBwsIBw8ECkcACwgHDwQKRwALCAcPBApHAAsFBwUHQQEGEgECQQMCQQQCAQJBBBIBBgAAAQAAAAEGAAQBAACxAQFUQgEBAEEAAgBBAAIAQQACAEEAAgBBAAIAQQACAEEAAgBBAAIAQQACAEEAAgBBAAIAQQACAEEAAgBBAAIAQQACAEEAAgBBAAIAQQACAEEAAgBBAAIAMUEGAkEAGwkDHKAECwEkkAGvAYQBIaICEgYIAggHCkEDBkEARgBBDQIbQQA3QTkGQTgDAwB9AQEA4wIAdxMyMDE5LTA1LTA5VDEwOjI4OjM3dw8zOS1yb3NlbmRhaGwtZ3B3B3B1Ymxpc2h9AX0AdwZjbG9zZWR3BmNsb3NlZHcAdwB3AHcAdwB+eHdPPHA+PHN0cm9uZz40NS4gUm9zZW5kYWhsIEdQIHN1bm51bnRhaW5hIDExLjUuMjAyNSBrbG8gMTIuMDAgYWxrYWVuPC9zdHJvbmc+PC9wPncOY29yZS9wYXJhZ3JhcGh5dyRkNGRmNzhhOS03NmM4LTRmNWMtODllNC03MzhjNDE5NjViODF4d1w8cD48YSBocmVmPSJodHRwczovL215LnJhY2VyZXN1bHQuY29tLzM0MDM5NC9wYXJ0aWNpcGFudHMiPkzDpGh0w7ZsaXN0YXQgamEgdHVsb2tzZXQ8L2E+PC9wPncOY29yZS9wYXJhZ3JhcGh5eHdBPHA+RW5zaW1tw6Rpc2Vzc8OkIGzDpGhkw7Zzc8OkIGtsbyAxMi4wMCBhamF2YXQgTmFpc2V0IChXVTE5KTwvcD53DmNvcmUvcGFyYWdyYXBoeXh3OTxwPkthdGVnb3JpYSAyIGphIFUxNy1zYXJqYSBsw6RodGV2w6R0IG5vaW4ga2xvIDEyLjQ1PC9wPncOY29yZS9wYXJhZ3JhcGh5eHcqPHA+TS1lbGl0ZSBqYSBNVTE5IGzDpGh0ZXbDpHQgbi4gMTMuNDU8L3A+dw5jb3JlL3BhcmFncmFwaHl3JGVjNmM3YzFjLTUyM2EtNDQwNC1hYTY3LWM3NjZiYTAzNDA5ZXh3QjxwPkzDpGhkw7Z0IHRhcGFodHV2YXQgUHl5bmlraW4gbsOka8O2dMO2cm5pbiBsw6RoZWlzeXlkZXN0w6QuPC9wPncOY29yZS9wYXJhZ3JhcGh5dyQzYjVmNWE3YS0yZGJhLTQwYjgtYTU2Ny0xODdkZDM5ZWUzMGZ4dx88cD48c3Ryb25nPk1hdGthdDo8L3N0cm9uZz48L3A+dw5jb3JlL3BhcmFncmFwaHl3JDk3NDM3MDk4LTFiNmMtNDU3Yy1iOGZkLTE3YWNmZjYwOWM4YXh3IDxwPk5haXNldCAoV1UxOSkgNyBraWVycm9zdGE8L3A+dw5jb3JlL3BhcmFncmFwaHl3JDk4MDAyMGFhLTdhYzktNGVhMC04MWQ5LTVmM2VhNWM0OTdmNnh3JzxwPkthdGVnb3JpYSAyIGphIE0tMTYgMTAga2llcnJvc3RhPC9wPncOY29yZS9wYXJhZ3JhcGh5dyQzNjQzOTcyNS1kMTFmLTRlYWEtOWNlZC0yODI4NjU5NzQxMTR4dyM8cD5NLUVsaXRlIGphIE1VMTkgMjAga2llcnJvc3RhPC9wPncOY29yZS9wYXJhZ3JhcGh5dyQzZDUxZmRlZC1kY2RiLTRkNjUtOTRkMy02MTBmYjQzYTRiYTZ4d2g8cD5QdWtldXR1bWluZW4gPHN0cm9uZz5QeXluaWtpbiB1cmhlaWx1a2VudMOkbGzDpCwgRi5FLiBTaWxsYW5ww6TDpG4ga2F0dSA0LCAzMzIzMCBUYW1wZXJlPC9zdHJvbmc+PC9wPncOY29yZS9wYXJhZ3JhcGh5eHexAzxwPjxicj5JbG1vaXR0YXR1bWlzZXQgdMOkbcOkbiA8YSBocmVmPSJodHRwczovL2RvY3MuZ29vZ2xlLmNvbS9mb3Jtcy9kL2UvMUZBSXBRTFNlZUdjTzhNNVpVdFRGRW9fbGlXV0hjcmZUMVhCcGNCTmhoS0xFRTR2U3ZwTW1QQncvdmlld2Zvcm0\/dXNwPWRpYWxvZyIgZGF0YS10eXBlPSJsaW5rIiBkYXRhLWlkPSJodHRwczovL2RvY3MuZ29vZ2xlLmNvbS9mb3Jtcy9kL2UvMUZBSXBRTFNlZUdjTzhNNVpVdFRGRW9fbGlXV0hjcmZUMVhCcGNCTmhoS0xFRTR2U3ZwTW1QQncvdmlld2Zvcm0\/dXNwPWRpYWxvZyI+bG9tYWtrZWVuPC9hPiBrYXV0dGEgOC41LjIwMjUgbWVubmVzc8OkLiBJbG1vaXR0YXV0dW1pbmVuIG1ha3NldGFhbiBzZXVyYW4gdGlsaWxsZSBGSTUyIDQ3MjYgMDAxMCAwNzg1IDA0Jm5ic3A7aWxtb2l0dGF1dHVtaXNlbiB5aHRleWRlc3PDpDwvcD53DmNvcmUvcGFyYWdyYXBoeXckMTQxZmIwNGQtNThmMy00NjhkLWExY2UtYTg4YzQ4Y2Y0MmVleHcwPHA+PGJyPjxzdHJvbmc+SWxtb2l0dGF1dHVtaXNtYWtzdTwvc3Ryb25nPjo8L3A+dw5jb3JlL3BhcmFncmFwaHl4dyQ8cD48YnI+TS9OIEVsaXRlIGphIE0vV1UxOSA2MOKCrDwvcD53DmNvcmUvcGFyYWdyYXBoeXh3HzxwPkthdGVnb3JpYSAyIGphIFUxNyA1MOKCrDwvcD53DmNvcmUvcGFyYWdyYXBoeXckNmQ1NTVjYWMtNmJhZi00Yzc2LTg2ZTgtMGZlZDdlZjQ1YmFjeHdXPHA+SWxtb2l0dGF1dHVtaXNtYWtzdSBtYWtzZXRhYW4gc2V1cmFuIHRpbGlsbGUgaWxtb2l0dGF1dHVtaXNlbiB5aHRleWRlc3PDpCEmbmJzcDs8L3A+dw5jb3JlL3BhcmFncmFwaHl3JDMzYjNhMTdjLWYxNDQtNGIxOS04ODU5LTY0NDk1YTA4NjU0OXh3LjxwPlRpbGludW1lcm8gRkk1MiA0NzI2IDAwMTAgMDc4NSAwNCZuYnNwOzwvcD53DmNvcmUvcGFyYWdyYXBoeXckNmMwYjljMWEtYTljOS00YTFjLTlkOWItMzU1MTdiYThkZGU2eHcHPHA+PC9wPncOY29yZS9wYXJhZ3JhcGh5dyQ3NzM1MWNiMC03MDQwLTQ1MzUtYWZhOS1jMTVhZmQyZjliZTl4dwc8cD48L3A+dw5jb3JlL3BhcmFncmFwaHl3JGRhZTYxMWEyLTIwODAtNGE1Yi1hZTEwLTM4YjI3YTBlMGNhOHh3BzxwPjwvcD53DmNvcmUvcGFyYWdyYXBoeXckNmQ3Y2Y1Y2YtYjExMi00MmE3LWI5ZjQtNDhmZmIyZDg2NzMwdyQwMTg4OTA0Ni05MzE3LTQ0ZDItODJmOC1hZThhNWRmNjFlNWV3JGI5YzQ1YjE3LTJjZmMtNDhlMy04ZTdkLTkzMzUwZjdjOTUxZXckYjI2NWMyOTItY2RlNy00YzlmLWJmZjAtMTc4M2QxMGJkMmYzdyRhYmE4NjU1Yi00ZWU5LTQyYmMtODJhNi0wODg5MjE4NjIzZjd7QnnYsRmz4AB9pYahW3ckMDRiOTdjZjQtNWZmYS00YWE3LTk2ODEtMjliMTY5MWJhNmVkdyQ5NzY5MTRmMC1iMGE3LTQ4OTktOTJlMS05NDhiYzQxMzA1MmMC5t+R1AsBAAClw9AtOwAABQAxABsBBgAGADgaAQgBAgEbAZ8CAQoBAAEjAU8BbgFDASABoQEBEQIFAQcBAQEHAQYBCaIBAHoAVgCtBwAGAEsFyQEASwCAAQVXBcsBAA4AGwEFGgM3XQAhABsAMQAGACIAugIAtwIABgBLBVAAHgAEABkApgEBBAAZABoB\",\"updateId\":874862877}","footnotes":""},"class_list":["post-553","page","type-page","status-publish","hentry"],"_links":{"self":[{"href":"https:\/\/www.tampereenyritys.fi\/index.php?rest_route=\/wp\/v2\/pages\/553","targetHints":{"allow":["GET"]}}],"collection":[{"href":"https:\/\/www.tampereenyritys.fi\/index.php?rest_route=\/wp\/v2\/pages"}],"about":[{"href":"https:\/\/www.tampereenyritys.fi\/index.php?rest_route=\/wp\/v2\/types\/page"}],"author":[{"embeddable":true,"href":"https:\/\/www.tampereenyritys.fi\/index.php?rest_route=\/wp\/v2\/users\/1"}],"replies":[{"embeddable":true,"href":"https:\/\/www.tampereenyritys.fi\/index.php?rest_route=%2Fwp%2Fv2%2Fcomments&post=553"}],"version-history":[{"count":84,"href":"https:\/\/www.tampereenyritys.fi\/index.php?rest_route=\/wp\/v2\/pages\/553\/revisions"}],"predecessor-version":[{"id":2365,"href":"https:\/\/www.tampereenyritys.fi\/index.php?rest_route=\/wp\/v2\/pages\/553\/revisions\/2365"}],"up":[{"embeddable":true,"href":"https:\/\/www.tampereenyritys.fi\/index.php?rest_route=\/wp\/v2\/pages\/90"}],"wp:attachment":[{"href":"https:\/\/www.tampereenyritys.fi\/index.php?rest_route=%2Fwp%2Fv2%2Fmedia&parent=553"}],"curies":[{"name":"wp","href":"https:\/\/api.w.org\/{rel}","templated":true}]}}