{"id":291,"date":"2018-11-04T09:21:05","date_gmt":"2018-11-04T09:21:05","guid":{"rendered":"http:\/\/www.tampereenyritys.com\/?page_id=291"},"modified":"2020-01-12T15:02:50","modified_gmt":"2020-01-12T15:02:50","slug":"yritys-120-vuotta","status":"publish","type":"page","link":"https:\/\/www.tampereenyritys.fi\/?page_id=291","title":{"rendered":"Yritys 120 vuotta"},"content":{"rendered":"\n<p class=\"wp-block-paragraph\">Voimistelu- ja urheiluseura Tampereen Yritys ry vietti 120 v. juhlavuottaan 2019.<br>Juhlavuoteen mahtui paljon tapahtumia mm.<\/p>\n\n\n\n<p class=\"wp-block-paragraph\">Tammikuu: Tampereen talvikisat, TUL 100 v. juhlap\u00e4iv\u00e4 Helsingiss\u00e4,<br>Helmikuu: Teatterimatka Porin Kaupunginteatteriin<br>Maaliskuu: Kev\u00e4tvuosikokous<br>Huhtikuu: TUL:n Aprilliristeily, TUL:n Tampereen piiri 100 v.<br>Toukokuu: Rosendahl GB, Jumppareiden kev\u00e4tjuhla, Kotiseuturetki<br>Kes\u00e4kuu: TUL 100 Joukkojen juhla Helsingiss\u00e4 15.-16.6.2019<br>Hein\u00e4kuu: CSIT:n kisat  Espanjan Tortosassa 1.-7.7.2019<br>Elokuu:  H\u00e4meenpuiston fiesta<br>Syyskuu: Jumpat alkavat, Kotiseutuk\u00e4vely 28.9.<br>Lokakuu: Syysvuosikokous<br>Marraskuu: TY 120 v. juhla 2.11.2019<br>Joulukuu: Jumppareiden joulujuhla<br><br><\/p>\n\n\n\n<figure class=\"wp-block-gallery aligncenter columns-3 wp-block-gallery-1 is-layout-flex wp-block-gallery-is-layout-flex\"><ul class=\"blocks-gallery-grid\"><li class=\"blocks-gallery-item\"><figure><a href=\"https:\/\/www.tampereenyritys.fi\/wp-content\/uploads\/2020\/01\/IMG_0638.jpg\"><img fetchpriority=\"high\" decoding=\"async\" width=\"1024\" height=\"683\" src=\"https:\/\/www.tampereenyritys.fi\/wp-content\/uploads\/2020\/01\/IMG_0638-1024x683.jpg\" alt=\"\" data-id=\"716\" data-full-url=\"https:\/\/www.tampereenyritys.fi\/wp-content\/uploads\/2020\/01\/IMG_0638.jpg\" data-link=\"https:\/\/www.tampereenyritys.fi\/?attachment_id=716\" class=\"wp-image-716\" srcset=\"https:\/\/www.tampereenyritys.fi\/wp-content\/uploads\/2020\/01\/IMG_0638-1024x683.jpg 1024w, https:\/\/www.tampereenyritys.fi\/wp-content\/uploads\/2020\/01\/IMG_0638-300x200.jpg 300w, https:\/\/www.tampereenyritys.fi\/wp-content\/uploads\/2020\/01\/IMG_0638-768x512.jpg 768w\" sizes=\"(max-width: 767px) 89vw, (max-width: 1000px) 54vw, (max-width: 1071px) 543px, 580px\" \/><\/a><figcaption class=\"blocks-gallery-item__caption\">Lilia esiintym\u00e4ss\u00e4<\/figcaption><\/figure><\/li><li class=\"blocks-gallery-item\"><figure><a href=\"https:\/\/www.tampereenyritys.fi\/wp-content\/uploads\/2020\/01\/IMG_0647.jpg\"><img decoding=\"async\" width=\"1024\" height=\"683\" src=\"https:\/\/www.tampereenyritys.fi\/wp-content\/uploads\/2020\/01\/IMG_0647-1024x683.jpg\" alt=\"\" data-id=\"717\" data-full-url=\"https:\/\/www.tampereenyritys.fi\/wp-content\/uploads\/2020\/01\/IMG_0647.jpg\" data-link=\"https:\/\/www.tampereenyritys.fi\/?attachment_id=717\" class=\"wp-image-717\" srcset=\"https:\/\/www.tampereenyritys.fi\/wp-content\/uploads\/2020\/01\/IMG_0647-1024x683.jpg 1024w, https:\/\/www.tampereenyritys.fi\/wp-content\/uploads\/2020\/01\/IMG_0647-300x200.jpg 300w, https:\/\/www.tampereenyritys.fi\/wp-content\/uploads\/2020\/01\/IMG_0647-768x512.jpg 768w\" sizes=\"(max-width: 767px) 89vw, (max-width: 1000px) 54vw, (max-width: 1071px) 543px, 580px\" \/><\/a><figcaption class=\"blocks-gallery-item__caption\">Millan ja Ellin duo<\/figcaption><\/figure><\/li><li class=\"blocks-gallery-item\"><figure><a href=\"https:\/\/www.tampereenyritys.fi\/wp-content\/uploads\/2020\/01\/IMG_0653.jpg\"><img decoding=\"async\" width=\"1024\" height=\"683\" src=\"https:\/\/www.tampereenyritys.fi\/wp-content\/uploads\/2020\/01\/IMG_0653-1024x683.jpg\" alt=\"\" data-id=\"718\" data-full-url=\"https:\/\/www.tampereenyritys.fi\/wp-content\/uploads\/2020\/01\/IMG_0653.jpg\" data-link=\"https:\/\/www.tampereenyritys.fi\/?attachment_id=718\" class=\"wp-image-718\" srcset=\"https:\/\/www.tampereenyritys.fi\/wp-content\/uploads\/2020\/01\/IMG_0653-1024x683.jpg 1024w, https:\/\/www.tampereenyritys.fi\/wp-content\/uploads\/2020\/01\/IMG_0653-300x200.jpg 300w, https:\/\/www.tampereenyritys.fi\/wp-content\/uploads\/2020\/01\/IMG_0653-768x512.jpg 768w\" sizes=\"(max-width: 767px) 89vw, (max-width: 1000px) 54vw, (max-width: 1071px) 543px, 580px\" \/><\/a><figcaption class=\"blocks-gallery-item__caption\">Ikivipelt\u00e4j\u00e4t<\/figcaption><\/figure><\/li><li class=\"blocks-gallery-item\"><figure><a href=\"https:\/\/www.tampereenyritys.fi\/wp-content\/uploads\/2020\/01\/IMG_0663.jpg\"><img loading=\"lazy\" decoding=\"async\" width=\"1024\" height=\"683\" src=\"https:\/\/www.tampereenyritys.fi\/wp-content\/uploads\/2020\/01\/IMG_0663-1024x683.jpg\" alt=\"\" data-id=\"719\" data-full-url=\"https:\/\/www.tampereenyritys.fi\/wp-content\/uploads\/2020\/01\/IMG_0663.jpg\" data-link=\"https:\/\/www.tampereenyritys.fi\/?attachment_id=719\" class=\"wp-image-719\" srcset=\"https:\/\/www.tampereenyritys.fi\/wp-content\/uploads\/2020\/01\/IMG_0663-1024x683.jpg 1024w, https:\/\/www.tampereenyritys.fi\/wp-content\/uploads\/2020\/01\/IMG_0663-300x200.jpg 300w, https:\/\/www.tampereenyritys.fi\/wp-content\/uploads\/2020\/01\/IMG_0663-768x512.jpg 768w\" sizes=\"(max-width: 767px) 89vw, (max-width: 1000px) 54vw, (max-width: 1071px) 543px, 580px\" \/><\/a><\/figure><\/li><li class=\"blocks-gallery-item\"><figure><a href=\"https:\/\/www.tampereenyritys.fi\/wp-content\/uploads\/2020\/01\/IMG_0664.jpg\"><img loading=\"lazy\" decoding=\"async\" width=\"1024\" height=\"683\" src=\"https:\/\/www.tampereenyritys.fi\/wp-content\/uploads\/2020\/01\/IMG_0664-1024x683.jpg\" alt=\"\" data-id=\"720\" data-full-url=\"https:\/\/www.tampereenyritys.fi\/wp-content\/uploads\/2020\/01\/IMG_0664.jpg\" data-link=\"https:\/\/www.tampereenyritys.fi\/?attachment_id=720\" class=\"wp-image-720\" srcset=\"https:\/\/www.tampereenyritys.fi\/wp-content\/uploads\/2020\/01\/IMG_0664-1024x683.jpg 1024w, https:\/\/www.tampereenyritys.fi\/wp-content\/uploads\/2020\/01\/IMG_0664-300x200.jpg 300w, https:\/\/www.tampereenyritys.fi\/wp-content\/uploads\/2020\/01\/IMG_0664-768x512.jpg 768w\" sizes=\"(max-width: 767px) 89vw, (max-width: 1000px) 54vw, (max-width: 1071px) 543px, 580px\" \/><\/a><figcaption class=\"blocks-gallery-item__caption\">Eriel esiintym\u00e4ss\u00e4<\/figcaption><\/figure><\/li><li class=\"blocks-gallery-item\"><figure><a href=\"https:\/\/www.tampereenyritys.fi\/wp-content\/uploads\/2020\/01\/IMG_0669.jpg\"><img loading=\"lazy\" decoding=\"async\" width=\"1024\" height=\"683\" src=\"https:\/\/www.tampereenyritys.fi\/wp-content\/uploads\/2020\/01\/IMG_0669-1024x683.jpg\" alt=\"\" data-id=\"721\" data-full-url=\"https:\/\/www.tampereenyritys.fi\/wp-content\/uploads\/2020\/01\/IMG_0669.jpg\" data-link=\"https:\/\/www.tampereenyritys.fi\/?attachment_id=721\" class=\"wp-image-721\" srcset=\"https:\/\/www.tampereenyritys.fi\/wp-content\/uploads\/2020\/01\/IMG_0669-1024x683.jpg 1024w, https:\/\/www.tampereenyritys.fi\/wp-content\/uploads\/2020\/01\/IMG_0669-300x200.jpg 300w, https:\/\/www.tampereenyritys.fi\/wp-content\/uploads\/2020\/01\/IMG_0669-768x512.jpg 768w\" sizes=\"(max-width: 767px) 89vw, (max-width: 1000px) 54vw, (max-width: 1071px) 543px, 580px\" \/><\/a><\/figure><\/li><li class=\"blocks-gallery-item\"><figure><a href=\"https:\/\/www.tampereenyritys.fi\/wp-content\/uploads\/2020\/01\/IMG_0673.jpg\"><img loading=\"lazy\" decoding=\"async\" width=\"1024\" height=\"683\" src=\"https:\/\/www.tampereenyritys.fi\/wp-content\/uploads\/2020\/01\/IMG_0673-1024x683.jpg\" alt=\"\" data-id=\"722\" data-full-url=\"https:\/\/www.tampereenyritys.fi\/wp-content\/uploads\/2020\/01\/IMG_0673.jpg\" data-link=\"https:\/\/www.tampereenyritys.fi\/?attachment_id=722\" class=\"wp-image-722\" srcset=\"https:\/\/www.tampereenyritys.fi\/wp-content\/uploads\/2020\/01\/IMG_0673-1024x683.jpg 1024w, https:\/\/www.tampereenyritys.fi\/wp-content\/uploads\/2020\/01\/IMG_0673-300x200.jpg 300w, https:\/\/www.tampereenyritys.fi\/wp-content\/uploads\/2020\/01\/IMG_0673-768x512.jpg 768w\" sizes=\"(max-width: 767px) 89vw, (max-width: 1000px) 54vw, (max-width: 1071px) 543px, 580px\" \/><\/a><\/figure><\/li><li class=\"blocks-gallery-item\"><figure><a href=\"https:\/\/www.tampereenyritys.fi\/wp-content\/uploads\/2020\/01\/IMG_0694.jpg\"><img loading=\"lazy\" decoding=\"async\" width=\"1024\" height=\"683\" src=\"https:\/\/www.tampereenyritys.fi\/wp-content\/uploads\/2020\/01\/IMG_0694-1024x683.jpg\" alt=\"\" data-id=\"723\" data-full-url=\"https:\/\/www.tampereenyritys.fi\/wp-content\/uploads\/2020\/01\/IMG_0694.jpg\" data-link=\"https:\/\/www.tampereenyritys.fi\/?attachment_id=723\" class=\"wp-image-723\" srcset=\"https:\/\/www.tampereenyritys.fi\/wp-content\/uploads\/2020\/01\/IMG_0694-1024x683.jpg 1024w, https:\/\/www.tampereenyritys.fi\/wp-content\/uploads\/2020\/01\/IMG_0694-300x200.jpg 300w, https:\/\/www.tampereenyritys.fi\/wp-content\/uploads\/2020\/01\/IMG_0694-768x512.jpg 768w\" sizes=\"(max-width: 767px) 89vw, (max-width: 1000px) 54vw, (max-width: 1071px) 543px, 580px\" \/><\/a><figcaption class=\"blocks-gallery-item__caption\">\u00c4iti-lapsi<\/figcaption><\/figure><\/li><li class=\"blocks-gallery-item\"><figure><a href=\"https:\/\/www.tampereenyritys.fi\/wp-content\/uploads\/2020\/01\/IMG_0695.jpg\"><img loading=\"lazy\" decoding=\"async\" width=\"1024\" height=\"683\" src=\"https:\/\/www.tampereenyritys.fi\/wp-content\/uploads\/2020\/01\/IMG_0695-1024x683.jpg\" alt=\"\" data-id=\"724\" data-full-url=\"https:\/\/www.tampereenyritys.fi\/wp-content\/uploads\/2020\/01\/IMG_0695.jpg\" data-link=\"https:\/\/www.tampereenyritys.fi\/?attachment_id=724\" class=\"wp-image-724\" srcset=\"https:\/\/www.tampereenyritys.fi\/wp-content\/uploads\/2020\/01\/IMG_0695-1024x683.jpg 1024w, https:\/\/www.tampereenyritys.fi\/wp-content\/uploads\/2020\/01\/IMG_0695-300x200.jpg 300w, https:\/\/www.tampereenyritys.fi\/wp-content\/uploads\/2020\/01\/IMG_0695-768x512.jpg 768w\" sizes=\"(max-width: 767px) 89vw, (max-width: 1000px) 54vw, (max-width: 1071px) 543px, 580px\" \/><\/a><\/figure><\/li><li class=\"blocks-gallery-item\"><figure><a href=\"https:\/\/www.tampereenyritys.fi\/wp-content\/uploads\/2020\/01\/IMG_0698.jpg\"><img loading=\"lazy\" decoding=\"async\" width=\"1024\" height=\"683\" src=\"https:\/\/www.tampereenyritys.fi\/wp-content\/uploads\/2020\/01\/IMG_0698-1024x683.jpg\" alt=\"\" data-id=\"725\" data-full-url=\"https:\/\/www.tampereenyritys.fi\/wp-content\/uploads\/2020\/01\/IMG_0698.jpg\" data-link=\"https:\/\/www.tampereenyritys.fi\/?attachment_id=725\" class=\"wp-image-725\" srcset=\"https:\/\/www.tampereenyritys.fi\/wp-content\/uploads\/2020\/01\/IMG_0698-1024x683.jpg 1024w, https:\/\/www.tampereenyritys.fi\/wp-content\/uploads\/2020\/01\/IMG_0698-300x200.jpg 300w, https:\/\/www.tampereenyritys.fi\/wp-content\/uploads\/2020\/01\/IMG_0698-768x512.jpg 768w\" sizes=\"(max-width: 767px) 89vw, (max-width: 1000px) 54vw, (max-width: 1071px) 543px, 580px\" \/><\/a><\/figure><\/li><li class=\"blocks-gallery-item\"><figure><a href=\"https:\/\/www.tampereenyritys.fi\/wp-content\/uploads\/2020\/01\/IMG_0700.jpg\"><img loading=\"lazy\" decoding=\"async\" width=\"1024\" height=\"683\" src=\"https:\/\/www.tampereenyritys.fi\/wp-content\/uploads\/2020\/01\/IMG_0700-1024x683.jpg\" alt=\"\" data-id=\"726\" data-full-url=\"https:\/\/www.tampereenyritys.fi\/wp-content\/uploads\/2020\/01\/IMG_0700.jpg\" data-link=\"https:\/\/www.tampereenyritys.fi\/?attachment_id=726\" class=\"wp-image-726\" srcset=\"https:\/\/www.tampereenyritys.fi\/wp-content\/uploads\/2020\/01\/IMG_0700-1024x683.jpg 1024w, https:\/\/www.tampereenyritys.fi\/wp-content\/uploads\/2020\/01\/IMG_0700-300x200.jpg 300w, https:\/\/www.tampereenyritys.fi\/wp-content\/uploads\/2020\/01\/IMG_0700-768x512.jpg 768w\" sizes=\"(max-width: 767px) 89vw, (max-width: 1000px) 54vw, (max-width: 1071px) 543px, 580px\" \/><\/a><figcaption class=\"blocks-gallery-item__caption\">Eriel esiintym\u00e4ss\u00e4<\/figcaption><\/figure><\/li><li class=\"blocks-gallery-item\"><figure><a href=\"https:\/\/www.tampereenyritys.fi\/wp-content\/uploads\/2020\/01\/IMG_0713.jpg\"><img loading=\"lazy\" decoding=\"async\" width=\"1024\" height=\"683\" src=\"https:\/\/www.tampereenyritys.fi\/wp-content\/uploads\/2020\/01\/IMG_0713-1024x683.jpg\" alt=\"\" data-id=\"727\" data-full-url=\"https:\/\/www.tampereenyritys.fi\/wp-content\/uploads\/2020\/01\/IMG_0713.jpg\" data-link=\"https:\/\/www.tampereenyritys.fi\/?attachment_id=727\" class=\"wp-image-727\" srcset=\"https:\/\/www.tampereenyritys.fi\/wp-content\/uploads\/2020\/01\/IMG_0713-1024x683.jpg 1024w, https:\/\/www.tampereenyritys.fi\/wp-content\/uploads\/2020\/01\/IMG_0713-300x200.jpg 300w, https:\/\/www.tampereenyritys.fi\/wp-content\/uploads\/2020\/01\/IMG_0713-768x512.jpg 768w\" sizes=\"(max-width: 767px) 89vw, (max-width: 1000px) 54vw, (max-width: 1071px) 543px, 580px\" \/><\/a><figcaption class=\"blocks-gallery-item__caption\">Yhteisesitys Vaaleanpunaista shampanjaa<\/figcaption><\/figure><\/li><li class=\"blocks-gallery-item\"><figure><a href=\"https:\/\/www.tampereenyritys.fi\/wp-content\/uploads\/2020\/01\/IMG_0715.jpg\"><img loading=\"lazy\" decoding=\"async\" width=\"1024\" height=\"683\" src=\"https:\/\/www.tampereenyritys.fi\/wp-content\/uploads\/2020\/01\/IMG_0715-1024x683.jpg\" alt=\"\" data-id=\"728\" data-full-url=\"https:\/\/www.tampereenyritys.fi\/wp-content\/uploads\/2020\/01\/IMG_0715.jpg\" data-link=\"https:\/\/www.tampereenyritys.fi\/?attachment_id=728\" class=\"wp-image-728\" srcset=\"https:\/\/www.tampereenyritys.fi\/wp-content\/uploads\/2020\/01\/IMG_0715-1024x683.jpg 1024w, https:\/\/www.tampereenyritys.fi\/wp-content\/uploads\/2020\/01\/IMG_0715-300x200.jpg 300w, https:\/\/www.tampereenyritys.fi\/wp-content\/uploads\/2020\/01\/IMG_0715-768x512.jpg 768w\" sizes=\"(max-width: 767px) 89vw, (max-width: 1000px) 54vw, (max-width: 1071px) 543px, 580px\" \/><\/a><\/figure><\/li><li class=\"blocks-gallery-item\"><figure><a href=\"https:\/\/www.tampereenyritys.fi\/wp-content\/uploads\/2020\/01\/IMG_0749.jpg\"><img loading=\"lazy\" decoding=\"async\" width=\"1024\" height=\"683\" src=\"https:\/\/www.tampereenyritys.fi\/wp-content\/uploads\/2020\/01\/IMG_0749-1024x683.jpg\" alt=\"\" data-id=\"730\" data-full-url=\"https:\/\/www.tampereenyritys.fi\/wp-content\/uploads\/2020\/01\/IMG_0749.jpg\" data-link=\"https:\/\/www.tampereenyritys.fi\/?attachment_id=730\" class=\"wp-image-730\" srcset=\"https:\/\/www.tampereenyritys.fi\/wp-content\/uploads\/2020\/01\/IMG_0749-1024x683.jpg 1024w, https:\/\/www.tampereenyritys.fi\/wp-content\/uploads\/2020\/01\/IMG_0749-300x200.jpg 300w, https:\/\/www.tampereenyritys.fi\/wp-content\/uploads\/2020\/01\/IMG_0749-768x512.jpg 768w\" sizes=\"(max-width: 767px) 89vw, (max-width: 1000px) 54vw, (max-width: 1071px) 543px, 580px\" \/><\/a><figcaption class=\"blocks-gallery-item__caption\">Tarjan leipoma upea ja herkullinen 120v. juhlakakku<\/figcaption><\/figure><\/li><li class=\"blocks-gallery-item\"><figure><a href=\"https:\/\/www.tampereenyritys.fi\/wp-content\/uploads\/2020\/01\/IMG_0761.jpg\"><img loading=\"lazy\" decoding=\"async\" width=\"1024\" height=\"683\" src=\"https:\/\/www.tampereenyritys.fi\/wp-content\/uploads\/2020\/01\/IMG_0761-1024x683.jpg\" alt=\"\" data-id=\"731\" data-full-url=\"https:\/\/www.tampereenyritys.fi\/wp-content\/uploads\/2020\/01\/IMG_0761.jpg\" data-link=\"https:\/\/www.tampereenyritys.fi\/?attachment_id=731\" class=\"wp-image-731\" srcset=\"https:\/\/www.tampereenyritys.fi\/wp-content\/uploads\/2020\/01\/IMG_0761-1024x683.jpg 1024w, https:\/\/www.tampereenyritys.fi\/wp-content\/uploads\/2020\/01\/IMG_0761-300x200.jpg 300w, https:\/\/www.tampereenyritys.fi\/wp-content\/uploads\/2020\/01\/IMG_0761-768x512.jpg 768w\" sizes=\"(max-width: 767px) 89vw, (max-width: 1000px) 54vw, (max-width: 1071px) 543px, 580px\" \/><\/a><figcaption class=\"blocks-gallery-item__caption\">Seuran vanhoja merkkej\u00e4 esill\u00e4<\/figcaption><\/figure><\/li><li class=\"blocks-gallery-item\"><figure><a href=\"https:\/\/www.tampereenyritys.fi\/wp-content\/uploads\/2020\/01\/IMG_0736.jpg\"><img loading=\"lazy\" decoding=\"async\" width=\"1024\" height=\"683\" src=\"https:\/\/www.tampereenyritys.fi\/wp-content\/uploads\/2020\/01\/IMG_0736-1024x683.jpg\" alt=\"\" data-id=\"729\" data-full-url=\"https:\/\/www.tampereenyritys.fi\/wp-content\/uploads\/2020\/01\/IMG_0736.jpg\" data-link=\"https:\/\/www.tampereenyritys.fi\/?attachment_id=729\" class=\"wp-image-729\" srcset=\"https:\/\/www.tampereenyritys.fi\/wp-content\/uploads\/2020\/01\/IMG_0736-1024x683.jpg 1024w, https:\/\/www.tampereenyritys.fi\/wp-content\/uploads\/2020\/01\/IMG_0736-300x200.jpg 300w, https:\/\/www.tampereenyritys.fi\/wp-content\/uploads\/2020\/01\/IMG_0736-768x512.jpg 768w\" sizes=\"(max-width: 767px) 89vw, (max-width: 1000px) 54vw, (max-width: 1071px) 543px, 580px\" \/><\/a><figcaption class=\"blocks-gallery-item__caption\">Juhlan yhteisesityksen esiintyj\u00e4t<\/figcaption><\/figure><\/li><\/ul><figcaption class=\"blocks-gallery-caption\">Kuvia 120v. juhlasta<\/figcaption><\/figure>\n","protected":false},"excerpt":{"rendered":"<p>Voimistelu- ja urheiluseura Tampereen Yritys ry vietti 120 v. juhlavuottaan 2019.Juhlavuoteen mahtui paljon tapahtumia mm. Tammikuu: Tampereen talvikisat, TUL 100 v. juhlap\u00e4iv\u00e4 Helsingiss\u00e4,Helmikuu: Teatterimatka Porin KaupunginteatteriinMaaliskuu: Kev\u00e4tvuosikokousHuhtikuu: TUL:n Aprilliristeily, TUL:n &hellip; <\/p>\n<p class=\"link-more\"><a href=\"https:\/\/www.tampereenyritys.fi\/?page_id=291\" class=\"more-link\">Jatka lukemista<span class=\"screen-reader-text\"> &#8221;Yritys 120 vuotta&#8221;<\/span><\/a><\/p>\n","protected":false},"author":2,"featured_media":0,"parent":0,"menu_order":0,"comment_status":"closed","ping_status":"closed","template":"","meta":{"_crdt_document":"","footnotes":""},"class_list":["post-291","page","type-page","status-publish","hentry"],"_links":{"self":[{"href":"https:\/\/www.tampereenyritys.fi\/index.php?rest_route=\/wp\/v2\/pages\/291","targetHints":{"allow":["GET"]}}],"collection":[{"href":"https:\/\/www.tampereenyritys.fi\/index.php?rest_route=\/wp\/v2\/pages"}],"about":[{"href":"https:\/\/www.tampereenyritys.fi\/index.php?rest_route=\/wp\/v2\/types\/page"}],"author":[{"embeddable":true,"href":"https:\/\/www.tampereenyritys.fi\/index.php?rest_route=\/wp\/v2\/users\/2"}],"replies":[{"embeddable":true,"href":"https:\/\/www.tampereenyritys.fi\/index.php?rest_route=%2Fwp%2Fv2%2Fcomments&post=291"}],"version-history":[{"count":9,"href":"https:\/\/www.tampereenyritys.fi\/index.php?rest_route=\/wp\/v2\/pages\/291\/revisions"}],"predecessor-version":[{"id":864,"href":"https:\/\/www.tampereenyritys.fi\/index.php?rest_route=\/wp\/v2\/pages\/291\/revisions\/864"}],"wp:attachment":[{"href":"https:\/\/www.tampereenyritys.fi\/index.php?rest_route=%2Fwp%2Fv2%2Fmedia&parent=291"}],"curies":[{"name":"wp","href":"https:\/\/api.w.org\/{rel}","templated":true}]}}