{"id":139,"date":"2018-07-02T13:11:41","date_gmt":"2018-07-02T13:11:41","guid":{"rendered":"http:\/\/www.tampereenyritys.com\/?page_id=139"},"modified":"2020-01-02T13:35:24","modified_gmt":"2020-01-02T13:35:24","slug":"yleista","status":"publish","type":"page","link":"https:\/\/www.tampereenyritys.fi\/?page_id=139","title":{"rendered":"Yleist\u00e4"},"content":{"rendered":"<p>Voimistelu- ja urheiluseura Tampereen Yritys ry on perustettu vuonna 1899. Seuramme juhli\u00a0 120 vuotista taivaltaan vuonna 2019.<\/p>\n<p>Seurassamme toimivat aktiivisina jaostoina py\u00f6r\u00e4ilyjaosto, hiihto- ja suunnistusjaosto sek\u00e4 naisjaosto.<\/p>\n","protected":false},"excerpt":{"rendered":"<p>Voimistelu- ja urheiluseura Tampereen Yritys ry on perustettu vuonna 1899. Seuramme juhli\u00a0 120 vuotista taivaltaan vuonna 2019. Seurassamme toimivat aktiivisina jaostoina py\u00f6r\u00e4ilyjaosto, hiihto- ja suunnistusjaosto sek\u00e4 naisjaosto.<\/p>\n","protected":false},"author":1,"featured_media":0,"parent":0,"menu_order":2,"comment_status":"closed","ping_status":"closed","template":"","meta":{"_crdt_document":"","footnotes":""},"class_list":["post-139","page","type-page","status-publish","hentry"],"_links":{"self":[{"href":"https:\/\/www.tampereenyritys.fi\/index.php?rest_route=\/wp\/v2\/pages\/139","targetHints":{"allow":["GET"]}}],"collection":[{"href":"https:\/\/www.tampereenyritys.fi\/index.php?rest_route=\/wp\/v2\/pages"}],"about":[{"href":"https:\/\/www.tampereenyritys.fi\/index.php?rest_route=\/wp\/v2\/types\/page"}],"author":[{"embeddable":true,"href":"https:\/\/www.tampereenyritys.fi\/index.php?rest_route=\/wp\/v2\/users\/1"}],"replies":[{"embeddable":true,"href":"https:\/\/www.tampereenyritys.fi\/index.php?rest_route=%2Fwp%2Fv2%2Fcomments&post=139"}],"version-history":[{"count":3,"href":"https:\/\/www.tampereenyritys.fi\/index.php?rest_route=\/wp\/v2\/pages\/139\/revisions"}],"predecessor-version":[{"id":771,"href":"https:\/\/www.tampereenyritys.fi\/index.php?rest_route=\/wp\/v2\/pages\/139\/revisions\/771"}],"wp:attachment":[{"href":"https:\/\/www.tampereenyritys.fi\/index.php?rest_route=%2Fwp%2Fv2%2Fmedia&parent=139"}],"curies":[{"name":"wp","href":"https:\/\/api.w.org\/{rel}","templated":true}]}}