{"id":130,"date":"2018-07-02T13:02:45","date_gmt":"2018-07-02T13:02:45","guid":{"rendered":"http:\/\/www.tampereenyritys.com\/?page_id=130"},"modified":"2026-01-25T19:35:58","modified_gmt":"2026-01-25T19:35:58","slug":"tulokset","status":"publish","type":"page","link":"https:\/\/www.tampereenyritys.fi\/?page_id=130","title":{"rendered":"Tulokset"},"content":{"rendered":"\n<p class=\"wp-block-paragraph\"><strong>Talvikisat 2026<\/strong><\/p>\n\n\n\n<p class=\"wp-block-paragraph\">Lauantai 24.1 Sprintti <a href=\"https:\/\/tulokset.hiihtoliitto.fi\/maastohiihto\/tampereen-talvikisat-sprintti-v-1\/#sportti_id_31967565\">https:\/\/tulokset.hiihtoliitto.fi\/maastohiihto\/tampereen-talvikisat-sprintti-v-1\/#sportti_id_31967565<\/a><\/p>\n\n\n\n<p class=\"wp-block-paragraph\">Sunnuntai 25.1 V\u00e4liaikal\u00e4ht\u00f6 <a href=\"https:\/\/tulokset.hiihtoliitto.fi\/maastohiihto\/tampereen-talvikisat-v-3\/#sportti_id_31967565\">https:\/\/tulokset.hiihtoliitto.fi\/maastohiihto\/tampereen-talvikisat-v-3\/#sportti_id_31967565<\/a><\/p>\n\n\n\n<p class=\"wp-block-paragraph\"><strong>Talvikisat 2025<\/strong><\/p>\n\n\n\n<p class=\"wp-block-paragraph\"><strong>Tulokset:<\/strong><\/p>\n\n\n\n<p class=\"wp-block-paragraph\">Lauantai:&nbsp;<a href=\"https:\/\/online4.tulospalvelu.fi\/tulokset-new\/fi\/2025_talvisp\">https:\/\/online4.tulospalvelu.fi\/tulokset-new\/fi\/2025_talvisp<\/a><\/p>\n\n\n\n<p class=\"wp-block-paragraph\">Sunnuntai:&nbsp;<a href=\"https:\/\/online4.tulospalvelu.fi\/tulokset-new\/fi\/2025_talvip\/\">https:\/\/online4.tulospalvelu.fi\/tulokset-new\/fi\/2025_talvip\/<\/a><\/p>\n\n\n\n<p class=\"wp-block-paragraph\"><\/p>\n","protected":false},"excerpt":{"rendered":"<p>Talvikisat 2026 Lauantai 24.1 Sprintti https:\/\/tulokset.hiihtoliitto.fi\/maastohiihto\/tampereen-talvikisat-sprintti-v-1\/#sportti_id_31967565 Sunnuntai 25.1 V\u00e4liaikal\u00e4ht\u00f6 https:\/\/tulokset.hiihtoliitto.fi\/maastohiihto\/tampereen-talvikisat-v-3\/#sportti_id_31967565 Talvikisat 2025 Tulokset: Lauantai:&nbsp;https:\/\/online4.tulospalvelu.fi\/tulokset-new\/fi\/2025_talvisp Sunnuntai:&nbsp;https:\/\/online4.tulospalvelu.fi\/tulokset-new\/fi\/2025_talvip\/<\/p>\n","protected":false},"author":1,"featured_media":0,"parent":65,"menu_order":3,"comment_status":"closed","ping_status":"closed","template":"","meta":{"_crdt_document":"","footnotes":""},"class_list":["post-130","page","type-page","status-publish","hentry"],"_links":{"self":[{"href":"https:\/\/www.tampereenyritys.fi\/index.php?rest_route=\/wp\/v2\/pages\/130","targetHints":{"allow":["GET"]}}],"collection":[{"href":"https:\/\/www.tampereenyritys.fi\/index.php?rest_route=\/wp\/v2\/pages"}],"about":[{"href":"https:\/\/www.tampereenyritys.fi\/index.php?rest_route=\/wp\/v2\/types\/page"}],"author":[{"embeddable":true,"href":"https:\/\/www.tampereenyritys.fi\/index.php?rest_route=\/wp\/v2\/users\/1"}],"replies":[{"embeddable":true,"href":"https:\/\/www.tampereenyritys.fi\/index.php?rest_route=%2Fwp%2Fv2%2Fcomments&post=130"}],"version-history":[{"count":19,"href":"https:\/\/www.tampereenyritys.fi\/index.php?rest_route=\/wp\/v2\/pages\/130\/revisions"}],"predecessor-version":[{"id":2355,"href":"https:\/\/www.tampereenyritys.fi\/index.php?rest_route=\/wp\/v2\/pages\/130\/revisions\/2355"}],"up":[{"embeddable":true,"href":"https:\/\/www.tampereenyritys.fi\/index.php?rest_route=\/wp\/v2\/pages\/65"}],"wp:attachment":[{"href":"https:\/\/www.tampereenyritys.fi\/index.php?rest_route=%2Fwp%2Fv2%2Fmedia&parent=130"}],"curies":[{"name":"wp","href":"https:\/\/api.w.org\/{rel}","templated":true}]}}