{"id":122,"date":"2018-07-02T12:59:33","date_gmt":"2018-07-02T12:59:33","guid":{"rendered":"http:\/\/www.tampereenyritys.com\/?page_id=122"},"modified":"2025-09-01T18:06:44","modified_gmt":"2025-09-01T18:06:44","slug":"sanet","status":"publish","type":"page","link":"https:\/\/www.tampereenyritys.fi\/?page_id=122","title":{"rendered":"Eriel"},"content":{"rendered":"\n<div class=\"wp-block-media-text is-stacked-on-mobile is-vertically-aligned-top\" style=\"grid-template-columns:48% auto\"><figure class=\"wp-block-media-text__media\"><img fetchpriority=\"high\" decoding=\"async\" width=\"855\" height=\"892\" src=\"https:\/\/www.tampereenyritys.fi\/wp-content\/uploads\/2023\/12\/kuva1-e1701515835426.jpeg\" alt=\"\" class=\"wp-image-1758 size-full\" srcset=\"https:\/\/www.tampereenyritys.fi\/wp-content\/uploads\/2023\/12\/kuva1-e1701515835426.jpeg 855w, https:\/\/www.tampereenyritys.fi\/wp-content\/uploads\/2023\/12\/kuva1-e1701515835426-288x300.jpeg 288w, https:\/\/www.tampereenyritys.fi\/wp-content\/uploads\/2023\/12\/kuva1-e1701515835426-768x801.jpeg 768w\" sizes=\"(max-width: 767px) 89vw, (max-width: 1000px) 54vw, (max-width: 1071px) 543px, 580px\" \/><\/figure><div class=\"wp-block-media-text__content\">\n<p class=\"has-text-align-left wp-block-paragraph\" style=\"font-size:18px\">Eriel on yli 18 -vuotiaiden tanssiryhm\u00e4. Osa ryhm\u00e4st\u00e4 on voimistellut\/tanssinut yhdess\u00e4 jo vuodesta 2010. Treenit koostuvat l\u00e4mmittely- ja tekniikkaosuudesta, venyttelyst\u00e4 ja koreografiasta. Treeneiss\u00e4 vallitsee iloinen ja motivoitunut treenifiilis. Ryhm\u00e4 ei kilpaile.<\/p>\n<\/div><\/div>\n\n\n\n<p class=\"wp-block-paragraph\">Joukkueesta kiinnostuneet voivat ottaa yhteytt\u00e4 valmentaja Elliin s\u00e4hk\u00f6postitse.<\/p>\n\n\n\n<p class=\"wp-block-paragraph\">Harjoitukset kaudella 2025\u20132026:<br>Ratinan stadion, sali 3: sunnuntai klo 11\u201313<\/p>\n\n\n\n<p class=\"wp-block-paragraph\">Valmentajat:<br>Elli Teinil\u00e4, elli.teinila@gmail.com<br>Iida Rinkinen<\/p>\n","protected":false},"excerpt":{"rendered":"<p>Eriel on yli 18 -vuotiaiden tanssiryhm\u00e4. Osa ryhm\u00e4st\u00e4 on voimistellut\/tanssinut yhdess\u00e4 jo vuodesta 2010. Treenit koostuvat l\u00e4mmittely- ja tekniikkaosuudesta, venyttelyst\u00e4 ja koreografiasta. Treeneiss\u00e4 vallitsee iloinen ja motivoitunut treenifiilis. Ryhm\u00e4 ei &hellip; <\/p>\n<p class=\"link-more\"><a href=\"https:\/\/www.tampereenyritys.fi\/?page_id=122\" class=\"more-link\">Jatka lukemista<span class=\"screen-reader-text\"> &#8221;Eriel&#8221;<\/span><\/a><\/p>\n","protected":false},"author":1,"featured_media":0,"parent":67,"menu_order":3,"comment_status":"closed","ping_status":"closed","template":"","meta":{"_crdt_document":"","footnotes":""},"class_list":["post-122","page","type-page","status-publish","hentry"],"_links":{"self":[{"href":"https:\/\/www.tampereenyritys.fi\/index.php?rest_route=\/wp\/v2\/pages\/122","targetHints":{"allow":["GET"]}}],"collection":[{"href":"https:\/\/www.tampereenyritys.fi\/index.php?rest_route=\/wp\/v2\/pages"}],"about":[{"href":"https:\/\/www.tampereenyritys.fi\/index.php?rest_route=\/wp\/v2\/types\/page"}],"author":[{"embeddable":true,"href":"https:\/\/www.tampereenyritys.fi\/index.php?rest_route=\/wp\/v2\/users\/1"}],"replies":[{"embeddable":true,"href":"https:\/\/www.tampereenyritys.fi\/index.php?rest_route=%2Fwp%2Fv2%2Fcomments&post=122"}],"version-history":[{"count":58,"href":"https:\/\/www.tampereenyritys.fi\/index.php?rest_route=\/wp\/v2\/pages\/122\/revisions"}],"predecessor-version":[{"id":2233,"href":"https:\/\/www.tampereenyritys.fi\/index.php?rest_route=\/wp\/v2\/pages\/122\/revisions\/2233"}],"up":[{"embeddable":true,"href":"https:\/\/www.tampereenyritys.fi\/index.php?rest_route=\/wp\/v2\/pages\/67"}],"wp:attachment":[{"href":"https:\/\/www.tampereenyritys.fi\/index.php?rest_route=%2Fwp%2Fv2%2Fmedia&parent=122"}],"curies":[{"name":"wp","href":"https:\/\/api.w.org\/{rel}","templated":true}]}}