{"id":116,"date":"2018-07-02T12:57:18","date_gmt":"2018-07-02T12:57:18","guid":{"rendered":"http:\/\/www.tampereenyritys.com\/?page_id=116"},"modified":"2026-04-25T12:26:57","modified_gmt":"2026-04-25T12:26:57","slug":"johtokunta","status":"publish","type":"page","link":"https:\/\/www.tampereenyritys.fi\/?page_id=116","title":{"rendered":"Johtokunta 2026"},"content":{"rendered":"\n<p class=\"wp-block-paragraph\"><\/p>\n\n\n\n<p class=\"wp-block-paragraph\">Marco-Tapio Niemi, puheenjohtaja, marco.niemi96@gmail.com, +358509126979<\/p>\n\n\n\n<p class=\"wp-block-paragraph\">Tapio Niemi, varapuheenjohtaja, tapioniemi60@gmail.com<\/p>\n\n\n\n<p class=\"wp-block-paragraph\">Janna-Carla Niemi, sihteeri, jcmniemi@gmail.com, +358449820807<\/p>\n\n\n\n<p class=\"wp-block-paragraph\">Jeri Koponen, rahastonhoitaja, jjerii@hotmail.com +358456502324<\/p>\n\n\n\n<p class=\"wp-block-paragraph\">Senni Joutsiniemi, j\u00e4sen<\/p>\n\n\n\n<p class=\"wp-block-paragraph\">Elli Teinil\u00e4, j\u00e4sen<\/p>\n\n\n\n<p class=\"wp-block-paragraph\">Tarja Niemi, j\u00e4sen<\/p>\n\n\n\n<p class=\"wp-block-paragraph\">Kari Kanervisto, j\u00e4sen<\/p>\n","protected":false},"excerpt":{"rendered":"<p>Marco-Tapio Niemi, puheenjohtaja, marco.niemi96@gmail.com, +358509126979 Tapio Niemi, varapuheenjohtaja, tapioniemi60@gmail.com Janna-Carla Niemi, sihteeri, jcmniemi@gmail.com, +358449820807 Jeri Koponen, rahastonhoitaja, jjerii@hotmail.com +358456502324 Senni Joutsiniemi, j\u00e4sen Elli Teinil\u00e4, j\u00e4sen Tarja Niemi, j\u00e4sen Kari Kanervisto, &hellip; <\/p>\n<p class=\"link-more\"><a href=\"https:\/\/www.tampereenyritys.fi\/?page_id=116\" class=\"more-link\">Jatka lukemista<span class=\"screen-reader-text\"> &#8221;Johtokunta 2026&#8221;<\/span><\/a><\/p>\n","protected":false},"author":1,"featured_media":0,"parent":139,"menu_order":1,"comment_status":"closed","ping_status":"closed","template":"","meta":{"_crdt_document":"{\"document\":\"AAAMmvKx5B7qxdewFakBowGSGQLMGRYCvgEwmAsCjAMDAAQDAgQCCIICigI2ugEBAgwCEAECCgJCSgCiAgECCgJCSgC+AQECCgJCSgCOAgECCgIcAmBKAJACAQIKAkJKADABAgoCQkoAKAECCgJCSgDWASiIAggOAgUA4AUoggXgF44DBQEKqhTaAwIg0gGwBAEBCABIChwCBALEBCiIAuIUggKKAqYOAuokkCsBAQgASN4oG4Yh3hKOAwUBCgC2EWicA+IUggKKArwCthHCKPMBKACoASEAKAInAAQAJwAEAIEAhAGBAIQAgQCEAYEAhACBAIQAgQCEAIEAhAKBACcAKAQnACgAIQEoAScAAQAAAIcAKAMnAQQAKAAnAIcAKAMnAQQAKAAnAIcAKAMnAQQAKAAnAIcAIQAoAicBBACBAIQAKAAnAIcAIQAoAicBAQAoACcAhwAhACgCJwEEACgAJwCHACEAKAInAQQAKAAnAIEAAAAhAagAhACBAIQAgQCEAIEAhACoAMQAgQDEBsEAAACoAIQAxwAoAicBKAAnAAQAgQCEAIEAhACoAIQAxAOoAUEAAACEAEcAKAInASgAJwDE2hG8EHN0YXRldmVyc2lvbnN0YXRldmVyc2lvbmRvY3VtZW50ZGF0ZWRvY3VtZW50c2x1Z2RvY3VtZW50c3RhdHVzZG9jdW1lbnR0aXRsZUpvaHRva3VudGFkb2N1bWVudGNvbnRlbnQ8IS0tIHdwOnBhcmFncmFwaCAtLT4KPHA+TWFyY28tVGFwaW8gTmllbWksIHB1aGVlbmpvaHRhamEsIG1hcmNvLm5pZW1pOTZAZ21haWwuY29tLCArMzU4NTA5MTI2OTc5PC9wPgo8IS0tIC93cDpwYXJhZ3JhcGggLS0+Cgo8IS0tIHdwOnBhcmFncmFwaCAtLT4KPHA+VGFwaW8gTmllbWksIHZhcmFwdWhlZW5qb2h0YWphLCB0YXBpb25pZW1pNjBAZ21haWwuY29tPC9wPgo8IS0tIC93cDpwYXJhZ3JhcGggLS0+Cgo8IS0tIHdwOnBhcmFncmFwaCAtLT4KPHA+SmFubmEtQ2FybGEgTmllbWksIHNpaHRlZXJpLCBqY21uaWVtaUBnbWFpbC5jb20sICszNTg0NDk4MjA4MDc8L3A+CjwhLS0gL3dwOnBhcmFncmFwaCAtLT4KCjwhLS0gd3A6cGFyYWdyYXBoIC0tPgo8cD5KZXJpIEtvcG9uZW4sIGFoYXN0b25ob2l0YWphLCBqamVyaWlAaG90bWFpbC5jb20gKzM1ODQ1NjUwMjMyNDwvcD4KPCEtLSAvd3A6cGFyYWdyYXBoIC0tPgoKPCEtLSB3cDpwYXJhZ3JhcGggLS0+CjxwPmlpbiDDpHM8L3A+CjwhLS0gL3dwOnBhcmFncmFwaCAtLT4KCjwhLS0gd3A6cGFyYWdyYXBoIC0tPgo8cD5UYXJqYSBOaWVtaTwvcD4KPCEtLSAvd3A6cGFyYWdyYXBoIC0tPgoKPCEtLSB3cDpwYXJhZ3JhcGggLS0+CjxwPkthcmkgS2FuZXJ2aXN0bzwvcD4KPCEtLSAvd3A6cGFyYWdyYXBoIC0tPmRvY3VtZW50ZXhjZXJwdGRvY3VtZW50YXV0aG9yZG9jdW1lbnRmZWF0dXJlZF9tZWRpYWRvY3VtZW50Y29tbWVudF9zdGF0dXNkb2N1bWVudHBpbmdfc3RhdHVzZG9jdW1lbnR0ZW1wbGF0ZWRvY3VtZW50bWV0YWZvb3Rub3Rlc19lbGVtZW50b3JfZWRpdF9tb2RlX2VsZW1lbnRvcl90ZW1wbGF0ZV90eXBlX2VsZW1lbnRvcl9kYXRhX2VsZW1lbnRvcl9wYWdlX3NldHRpbmdzZG9jdW1lbnRibG9ja3NjbGllbnRJZGlzVmFsaWRvcmlnaW5hbENvbnRlbnRuYW1lYXR0cmlidXRlc2NvbnRlbnRNYXJjby1UYXBpbyBOaWVtaSwgcHVoZWVuam9odGFqYSwgbWFyY28ubmllbWk5NkBnbWFpbC5jb20sICszNTg1MDkxMjY5Nzlkcm9wQ2FwaW5uZXJCbG9ja3NjbGllbnRJZGlzVmFsaWRvcmlnaW5hbENvbnRlbnRuYW1lYXR0cmlidXRlc2NvbnRlbnRUYXBpbyBOaWVtaSwgdmFyYXB1aGVlbmpvaHRhamEsIHRhcGlvbmllbWk2MEBnbWFpbC5jb21kcm9wQ2FwaW5uZXJCbG9ja3NjbGllbnRJZGlzVmFsaWRvcmlnaW5hbENvbnRlbnRuYW1lYXR0cmlidXRlc2NvbnRlbnRKYW5uYS1DYXJsYSBOaWVtaSwgc2lodGVlcmksIGpjbW5pZW1pQGdtYWlsLmNvbSwgKzM1ODQ0OTgyMDgwN2Ryb3BDYXBpbm5lckJsb2Nrc2NsaWVudElkaXNWYWxpZG9yaWdpbmFsQ29udGVudG5hbWVhdHRyaWJ1dGVzY29udGVudEplcmkgS29wb25lbiwgYWhhc3RvbmhvaXRhamEsIGpqZXJpaUBob3RtYWlsLmNvbSArMzU4NDU2NTAyMzI0ZHJvcENhcGlubmVyQmxvY2tzY2xpZW50SWRpc1ZhbGlkb3JpZ2luYWxDb250ZW50bmFtZWF0dHJpYnV0ZXNjb250ZW50ZHJvcENhcGlubmVyQmxvY2tzY2xpZW50SWRpc1ZhbGlkb3JpZ2luYWxDb250ZW50bmFtZWF0dHJpYnV0ZXNjb250ZW50VGFyamEgTmllbWlkcm9wQ2FwaW5uZXJCbG9ja3NjbGllbnRJZGlzVmFsaWRvcmlnaW5hbENvbnRlbnRuYW1lYXR0cmlidXRlc2NvbnRlbnRLYXJpIEthbmVydmlzdG9kcm9wQ2FwaW5uZXJCbG9ja3NzdGF0ZXNhdmVkQXRzdGF0ZXNhdmVkQnlTZW5uaSBKb3V0c2luaWVtaSwgasOkc2VucnJTZW5uIEpvdXRzaWVtaSxqZW4sICwgasOkc2VuY2xpZW50SWRpc1ZhbGlkbmFtZWF0dHJpYnV0ZXNjb250ZW50ZHJvcENhcGlubmVyQmxvY2tzRWxsaSBUZWluaWzDpCwgasOkc2VuLCBqw6RzZW48L3A+CjwhLS0gL3dwOnBhcmFncmFwaCAtLT4KCjwhLS0gd3A6cGFyYWdyYXBoIC0tPgo8cD5FbGxpIFRlaW5pbMOkasOkc2VuLCBqw6RzZW4sIGrDpHNlbiAyMDI2Y2xpZW50SWRpc1ZhbGlkbmFtZWF0dHJpYnV0ZXNjb250ZW50ZHJvcENhcGlubmVyQmxvY2tzPC9wPgo8IS0tIC93cDpwYXJhZ3JhcGggLS0+Cgo8IS0tIHdwOnBhcmFncmFwaCAtLT4KPHA+BQcFBwgECAQIBggFCggHARisBaYBAQJBAYEBhQEbCAcIBggOCA4IC0gBBAkUGA8YCAYIBw8ECgeIAQcLCAcPBAoHNgcLCAcPBAoHPgcLCAcPBAoHDjAHCwgHDwQKRwALCAcPBAoHCwcLCAcPBAoHDwcLBQcFBwoHAgVBAAQGBQFCAAcIBwQKRwALDAIFB4IBBUcABQgHBApHAAs2EwEFAAABAAAAAQYABAEAAD8BAQAoQgEBAEEAAgBBAAIAQQACAEEAAgBBAAIAQQACAEEAAgBBAAIAQQACAB9BBT9BAgIENkEJB0EXD0EKCEEBBAECAQIBB0EJB0ECAgMAfQF3B2J1aWxkZXJ3B3dwLXBhZ2WtAQB3EzIwMTgtMDctMDJUMTI6NTc6MTh3CmpvaHRva3VudGF3B3B1Ymxpc2h9AX0AdwZjbG9zZWR3BmNsb3NlZHcAdwB3AH53JDcxNjllYWE3LWFhOWEtNDJmZi05OTNiLWRhNjk3MTAzMTE4M3h3TzxwPk1hcmNvLVRhcGlvIE5pZW1pLCBwdWhlZW5qb2h0YWphLCBtYXJjby5uaWVtaTk2QGdtYWlsLmNvbSwgKzM1ODUwOTEyNjk3OTwvcD53DmNvcmUvcGFyYWdyYXBoeXckZDJlYjVmZDMtMWM1Zi00ZTk2LWEwOGUtYTNiMDk1ZDkyYTVheHc9PHA+VGFwaW8gTmllbWksIHZhcmFwdWhlZW5qb2h0YWphLCB0YXBpb25pZW1pNjBAZ21haWwuY29tPC9wPncOY29yZS9wYXJhZ3JhcGh5dyQ3NDZlZWFiNi1jYzNlLTQzMzItOTA3NS04YzUyYTIyY2ZkNjd4d0U8cD5KYW5uYS1DYXJsYSBOaWVtaSwgc2lodGVlcmksIGpjbW5pZW1pQGdtYWlsLmNvbSwgKzM1ODQ0OTgyMDgwNzwvcD53DmNvcmUvcGFyYWdyYXBoeXh3RjxwPkplcmkgS29wb25lbiwgUmFoYXN0b25ob2l0YWphLCBqamVyaWlAaG90bWFpbC5jb20gKzM1ODQ1NjUwMjMyNDwvcD53DmNvcmUvcGFyYWdyYXBoeXh3GDxwPlRpaW5hIE7DpMOkdHNhYXJpPC9wPncOY29yZS9wYXJhZ3JhcGh5eHcSPHA+VGFyamEgTmllbWk8L3A+dw5jb3JlL3BhcmFncmFwaHl4dxY8cD5LYXJpIEthbmVydmlzdG88L3A+dw5jb3JlL3BhcmFncmFwaHl3JGJjYzA4M2IzLTdhZGEtNGU3MS1iNGE0LTRhMGIwNGJmMTc2OHckNzgxM2NhYjgtMDQ4NC00ODZhLWI4ZTUtZTczMGM3NTRjOWQ1dyQyNTU1YTA5Yi0zNTc5LTQ5YTUtOWVlOC1iNzQzNWZkOTgwMDN3JGI4MDc2MjMyLTcwODktNDRjZi04ODIyLWIyOTNlMTNlZjAyN3h3DmNvcmUvcGFyYWdyYXBoeXckNWEwMGFjYzQtODhiYy00ZjQ3LWJmODEtOTNjNjY4ZGNkZjA2e0J53EmjhWAAe0HlYV4tQAAAdyQ2Y2VhOTcwYS0xZDAxLTRhZGMtOTc4YS1mNGMyMzM0ZDc0OWR4dw5jb3JlL3BhcmFncmFwaHkB6uKr2AoaAAAQPoQDAGYAAwABAAEBAQOhATUIAQMH2AEAEwAzAAUOAwATABYKCwMHAAIBBwEVBxwAAgBkBw==\",\"updateId\":992842992}","footnotes":""},"class_list":["post-116","page","type-page","status-publish","hentry"],"_links":{"self":[{"href":"https:\/\/www.tampereenyritys.fi\/index.php?rest_route=\/wp\/v2\/pages\/116","targetHints":{"allow":["GET"]}}],"collection":[{"href":"https:\/\/www.tampereenyritys.fi\/index.php?rest_route=\/wp\/v2\/pages"}],"about":[{"href":"https:\/\/www.tampereenyritys.fi\/index.php?rest_route=\/wp\/v2\/types\/page"}],"author":[{"embeddable":true,"href":"https:\/\/www.tampereenyritys.fi\/index.php?rest_route=\/wp\/v2\/users\/1"}],"replies":[{"embeddable":true,"href":"https:\/\/www.tampereenyritys.fi\/index.php?rest_route=%2Fwp%2Fv2%2Fcomments&post=116"}],"version-history":[{"count":25,"href":"https:\/\/www.tampereenyritys.fi\/index.php?rest_route=\/wp\/v2\/pages\/116\/revisions"}],"predecessor-version":[{"id":2375,"href":"https:\/\/www.tampereenyritys.fi\/index.php?rest_route=\/wp\/v2\/pages\/116\/revisions\/2375"}],"up":[{"embeddable":true,"href":"https:\/\/www.tampereenyritys.fi\/index.php?rest_route=\/wp\/v2\/pages\/139"}],"wp:attachment":[{"href":"https:\/\/www.tampereenyritys.fi\/index.php?rest_route=%2Fwp%2Fv2%2Fmedia&parent=116"}],"curies":[{"name":"wp","href":"https:\/\/api.w.org\/{rel}","templated":true}]}}