{"id":1021,"date":"2020-08-15T19:53:50","date_gmt":"2020-08-15T19:53:50","guid":{"rendered":"http:\/\/www.tampereenyritys.fi\/?page_id=1021"},"modified":"2024-09-30T17:59:46","modified_gmt":"2024-09-30T17:59:46","slug":"ikivipeltajat","status":"publish","type":"page","link":"https:\/\/www.tampereenyritys.fi\/?page_id=1021","title":{"rendered":"Esiintymisryhm\u00e4 Ikivipelt\u00e4j\u00e4t"},"content":{"rendered":"\n<p class=\"wp-block-paragraph\">Ikivipelt\u00e4j\u00e4t ovat el\u00e4kel\u00e4isten esiintyv\u00e4 tanssiryhm\u00e4, joka on aloittanut Yrityksessa syksyll\u00e4 2017. Ikivipelt\u00e4j\u00e4t harjoittelevat pieni\u00e4, vapaamuotoisia tanssiesityksi\u00e4. Ryhm\u00e4 k\u00e4y esiintym\u00e4ss\u00e4 l\u00e4hinn\u00e4 palvelutaloissa ja erilaisissa juhlissa.<\/p>\n\n\n\n<p class=\"wp-block-paragraph\"><strong>Ikivipelt\u00e4j\u00e4t harjoittelevat S\u00e4\u00e4ti\u00f6salilla (V\u00e4in\u00f6l\u00e4nkatu 2)<\/strong> <strong>torstaisin klo 11\u201312:30<\/strong>.<br>Ryhm\u00e4\u00e4 ohjaa Pirjo Vaateri.<\/p>\n\n\n\n<p class=\"wp-block-paragraph\">Tiedustelut: ty.naisjaosto@gmail.com<\/p>\n","protected":false},"excerpt":{"rendered":"<p>Ikivipelt\u00e4j\u00e4t ovat el\u00e4kel\u00e4isten esiintyv\u00e4 tanssiryhm\u00e4, joka on aloittanut Yrityksessa syksyll\u00e4 2017. Ikivipelt\u00e4j\u00e4t harjoittelevat pieni\u00e4, vapaamuotoisia tanssiesityksi\u00e4. Ryhm\u00e4 k\u00e4y esiintym\u00e4ss\u00e4 l\u00e4hinn\u00e4 palvelutaloissa ja erilaisissa juhlissa. Ikivipelt\u00e4j\u00e4t harjoittelevat S\u00e4\u00e4ti\u00f6salilla (V\u00e4in\u00f6l\u00e4nkatu 2) torstaisin &hellip; <\/p>\n<p class=\"link-more\"><a href=\"https:\/\/www.tampereenyritys.fi\/?page_id=1021\" class=\"more-link\">Jatka lukemista<span class=\"screen-reader-text\"> &#8221;Esiintymisryhm\u00e4 Ikivipelt\u00e4j\u00e4t&#8221;<\/span><\/a><\/p>\n","protected":false},"author":4,"featured_media":0,"parent":0,"menu_order":0,"comment_status":"closed","ping_status":"closed","template":"","meta":{"_crdt_document":"","footnotes":""},"class_list":["post-1021","page","type-page","status-publish","hentry"],"_links":{"self":[{"href":"https:\/\/www.tampereenyritys.fi\/index.php?rest_route=\/wp\/v2\/pages\/1021","targetHints":{"allow":["GET"]}}],"collection":[{"href":"https:\/\/www.tampereenyritys.fi\/index.php?rest_route=\/wp\/v2\/pages"}],"about":[{"href":"https:\/\/www.tampereenyritys.fi\/index.php?rest_route=\/wp\/v2\/types\/page"}],"author":[{"embeddable":true,"href":"https:\/\/www.tampereenyritys.fi\/index.php?rest_route=\/wp\/v2\/users\/4"}],"replies":[{"embeddable":true,"href":"https:\/\/www.tampereenyritys.fi\/index.php?rest_route=%2Fwp%2Fv2%2Fcomments&post=1021"}],"version-history":[{"count":13,"href":"https:\/\/www.tampereenyritys.fi\/index.php?rest_route=\/wp\/v2\/pages\/1021\/revisions"}],"predecessor-version":[{"id":1994,"href":"https:\/\/www.tampereenyritys.fi\/index.php?rest_route=\/wp\/v2\/pages\/1021\/revisions\/1994"}],"wp:attachment":[{"href":"https:\/\/www.tampereenyritys.fi\/index.php?rest_route=%2Fwp%2Fv2%2Fmedia&parent=1021"}],"curies":[{"name":"wp","href":"https:\/\/api.w.org\/{rel}","templated":true}]}}